{"id":6931,"date":"2022-03-17T12:15:30","date_gmt":"2022-03-17T12:15:32","guid":{"rendered":"https:\/\/lilbro.ro\/?post_type=product&#038;p=6931"},"modified":"2023-01-12T15:02:26","modified_gmt":"2023-01-12T15:02:26","slug":"ruha-mintas-es-egyszinu-nem-elasztikus-pamutbol","status":"publish","type":"product","link":"https:\/\/lilbro.ro\/hu\/produs\/ruha-mintas-es-egyszinu-nem-elasztikus-pamutbol\/","title":{"rendered":"Ruha mint\u00e1s \u00e9s egysz\u00edn\u0171 (nem elasztikus) pamutb\u00f3l"},"content":{"rendered":"\n<p>Kisl\u00e1ny ruha, mely rendelhet\u0151 hossz\u00fa fodros \u00fajjal, de r\u00f6vid \u00fajjal is, illetve pamutv\u00e1szonb\u00f3l \u00e9s az elasztikus pamut jersey-b\u0151l is.<\/p>\n\n\n<div class=\"accordion-container\">\n    <div class=\"section\">\n        \n<section data-content=\"+\" class=\"accordion\">\n  <div class=\"title\">M\u00e9retek<\/div>\n  <div class=\"accordion-panel\">\n        <img decoding=\"async\" src=\"https:\/\/lilbro.ro\/wp-content\/uploads\/2022\/03\/ruha.jpg\" alt=\"\">   <\/div>\n<\/section>\n\n<section data-content=\"+\" class=\"accordion\">\n  <div class=\"title\">Mib\u0151l k\u00e9sz\u00fcl?<\/div>\n  <div class=\"accordion-panel\">\n    <p><p>100% pamut.<\/p>\n<p>      <\/div>\n<\/section>\n\n<section data-content=\"+\" class=\"accordion\">\n  <div class=\"title\">Milyen vastag, a v\u00e1lasztott anyagminta \u00e9s a kompoz\u00edci\u00f3<\/div>\n  <div class=\"accordion-panel\">\n    <p><p>Az anyag kompoz\u00edci\u00f3ja \u00e9s a v\u00e1laszthat\u00f3 minta:<\/p>\n<ol>\n<li><strong>Pamut, nem elasztikus (1 r\u00e9teg):<\/strong><br \/>\n&#8211; Az eleje \u00e9s a h\u00e1ta a v\u00e1lasztott &#8222;V&#8221; k\u00fcls\u0151 anyagmint\u00e1b\u00f3l (100% pamut)<\/li>\n<\/ol>\n<p>A ruha tartalmaz:<\/p>\n<p>&#8211; egy bels\u0151 c\u00edmke ami k\u00f6nnyed\u00e9n lev\u00e1ghat\u00f3<\/p>\n<p>      <\/div>\n<\/section>\n\n<section data-content=\"+\" class=\"accordion\">\n  <div class=\"title\">Hasznos inform\u00e1ci\u00f3k<\/div>\n  <div class=\"accordion-panel\">\n    <p><ul>\n<li>Aj\u00e1nlott mos\u00e1si fok: 30\u00a0&#8211; 40\u00a0\u00b0C<\/li>\n<li>Aj\u00e1nlott mos\u00f3g\u00e9p centrifuga: 800 &#8211; 1000 fordulat \/ perc<\/li>\n<li>Aj\u00e1nlott vasal\u00e1si fok: 110\u00a0\u00b0C<\/li>\n<li>A sz\u00e1r\u00edt\u00f3g\u00e9p haszn\u00e1lat\u00e1t nem aj\u00e1nljuk.<\/li>\n<li>Ne haszn\u00e1ljon er\u0151s feh\u00e9r\u00edt\u0151t.<\/li>\n<\/ul>\n<p>      <\/div>\n<\/section>\n\n\n<p><\/p>\n\n    <\/div>\n<\/div>","protected":false},"excerpt":{"rendered":"<p>Kisl\u00e1ny ruha, mely rendelhet\u0151 hossz\u00fa fodros \u00fajjal, de r\u00f6vid \u00fajjal is, illetve pamutv\u00e1szonb\u00f3l \u00e9s az elasztikus pamut jersey-b\u0151l is.<\/p>\n","protected":false},"featured_media":6914,"comment_status":"open","ping_status":"closed","template":"","meta":{"site-sidebar-layout":"no-sidebar","site-content-layout":"plain-container","ast-site-content-layout":"","site-content-style":"default","site-sidebar-style":"default","ast-global-header-display":"","ast-banner-title-visibility":"","ast-main-header-display":"","ast-hfb-above-header-display":"","ast-hfb-below-header-display":"","ast-hfb-mobile-header-display":"","site-post-title":"disabled","ast-breadcrumbs-content":"","ast-featured-img":"disabled","footer-sml-layout":"","theme-transparent-header-meta":"","adv-header-id-meta":"","stick-header-meta":"","header-above-stick-meta":"","header-main-stick-meta":"","header-below-stick-meta":"","astra-migrate-meta-layouts":"default","ast-page-background-enabled":"default","ast-page-background-meta":{"desktop":{"background-color":"var(--ast-global-color-4)","background-image":"","background-repeat":"repeat","background-position":"center center","background-size":"auto","background-attachment":"scroll","background-type":"","background-media":"","overlay-type":"","overlay-color":"","overlay-gradient":""},"tablet":{"background-color":"","background-image":"","background-repeat":"repeat","background-position":"center center","background-size":"auto","background-attachment":"scroll","background-type":"","background-media":"","overlay-type":"","overlay-color":"","overlay-gradient":""},"mobile":{"background-color":"","background-image":"","background-repeat":"repeat","background-position":"center center","background-size":"auto","background-attachment":"scroll","background-type":"","background-media":"","overlay-type":"","overlay-color":"","overlay-gradient":""}},"ast-content-background-meta":{"desktop":{"background-color":"var(--ast-global-color-5)","background-image":"","background-repeat":"repeat","background-position":"center center","background-size":"auto","background-attachment":"scroll","background-type":"","background-media":"","overlay-type":"","overlay-color":"","overlay-gradient":""},"tablet":{"background-color":"var(--ast-global-color-5)","background-image":"","background-repeat":"repeat","background-position":"center center","background-size":"auto","background-attachment":"scroll","background-type":"","background-media":"","overlay-type":"","overlay-color":"","overlay-gradient":""},"mobile":{"background-color":"var(--ast-global-color-5)","background-image":"","background-repeat":"repeat","background-position":"center center","background-size":"auto","background-attachment":"scroll","background-type":"","background-media":"","overlay-type":"","overlay-color":"","overlay-gradient":""}}},"product_brand":[],"product_cat":[460,596,362,137],"product_tag":[398,364,366,372,367],"class_list":{"0":"post-6931","1":"product","2":"type-product","3":"status-publish","4":"has-post-thumbnail","6":"product_cat-kislanyruhak","7":"product_cat-nyar","8":"product_cat-osszes-termek","9":"product_cat-ruhazat","10":"product_tag-2022-kollekcio","11":"product_tag-mintas-anyagok","12":"product_tag-nyar","13":"product_tag-osz","14":"product_tag-tavasz","15":"desktop-align-left","16":"tablet-align-left","17":"mobile-align-left","19":"first","20":"instock","21":"shipping-taxable","22":"purchasable","23":"product-type-variable","24":"has-default-attributes","25":"add-to-wishlist-before_image"},"aioseo_notices":[],"_links":{"self":[{"href":"https:\/\/lilbro.ro\/hu\/wp-json\/wp\/v2\/product\/6931","targetHints":{"allow":["GET"]}}],"collection":[{"href":"https:\/\/lilbro.ro\/hu\/wp-json\/wp\/v2\/product"}],"about":[{"href":"https:\/\/lilbro.ro\/hu\/wp-json\/wp\/v2\/types\/product"}],"replies":[{"embeddable":true,"href":"https:\/\/lilbro.ro\/hu\/wp-json\/wp\/v2\/comments?post=6931"}],"wp:featuredmedia":[{"embeddable":true,"href":"https:\/\/lilbro.ro\/hu\/wp-json\/wp\/v2\/media\/6914"}],"wp:attachment":[{"href":"https:\/\/lilbro.ro\/hu\/wp-json\/wp\/v2\/media?parent=6931"}],"wp:term":[{"taxonomy":"product_brand","embeddable":true,"href":"https:\/\/lilbro.ro\/hu\/wp-json\/wp\/v2\/product_brand?post=6931"},{"taxonomy":"product_cat","embeddable":true,"href":"https:\/\/lilbro.ro\/hu\/wp-json\/wp\/v2\/product_cat?post=6931"},{"taxonomy":"product_tag","embeddable":true,"href":"https:\/\/lilbro.ro\/hu\/wp-json\/wp\/v2\/product_tag?post=6931"}],"curies":[{"name":"wp","href":"https:\/\/api.w.org\/{rel}","templated":true}]}}