{"id":6597,"date":"2022-02-22T12:59:03","date_gmt":"2022-02-22T12:59:03","guid":{"rendered":"https:\/\/lilbro.ro\/?post_type=product&#038;p=6597"},"modified":"2026-04-21T06:35:56","modified_gmt":"2026-04-21T06:35:56","slug":"pizsama-mintas-anyagbol","status":"publish","type":"product","link":"https:\/\/lilbro.ro\/hu\/produs\/pizsama-mintas-anyagbol\/","title":{"rendered":"Pizsama mint\u00e1s anyagb\u00f3l"},"content":{"rendered":"\n<p>Cipz\u00e1rral szeretitek, vagy a patenttel az igazi? L\u00e1br\u00e9sszel, vagy l\u00e1br\u00e9sz n\u00e9lk\u00fcl?<\/p>\n\n\n\n<p>Leg\u00fajabb term\u00e9k\u00fcnk a LilBro pizsama ezekkel az opci\u00f3kkal vari\u00e1lhat\u00f3, mindemellett v\u00e1laszthat\u00f3 az anyagminta is, mely elasztikus pamut anyagb\u00f3l k\u00e9sz\u00fcl a m\u00e1r megszokott t\u00f6k\u00e9letes k\u00e9nyelem \u00e9rdek\u00e9ben.<\/p>\n\n\n<div class=\"accordion-container\">\n    <div class=\"section\">\n        \n<section data-content=\"+\" class=\"accordion\">\n  <div class=\"title\">M\u00e9retek<\/div>\n  <div class=\"accordion-panel\">\n        <img decoding=\"async\" src=\"https:\/\/lilbro.ro\/wp-content\/uploads\/2022\/02\/tinypijama-bodyl-Recovered.jpg\" alt=\"\">   <\/div>\n<\/section>\n\n<section data-content=\"+\" class=\"accordion\">\n  <div class=\"title\">Mib\u0151l k\u00e9sz\u00fcl?<\/div>\n  <div class=\"accordion-panel\">\n    <p><p>Elasztikus pamutb\u00f3l k\u00e9sz\u00fcl a t\u00f6k\u00e9letes k\u00e9nyelem \u00e9rdek\u00e9ben.<\/p>\n<p>      <\/div>\n<\/section>\n\n<section data-content=\"+\" class=\"accordion\">\n  <div class=\"title\">Milyen vastag, a v\u00e1lasztott anyagminta \u00e9s a kompoz\u00edci\u00f3<\/div>\n  <div class=\"accordion-panel\">\n    <p><p>Az anyag kompoz\u00edci\u00f3ja \u00e9s a v\u00e1laszthat\u00f3 minta:<\/p>\n<ol>\n<li><strong>Elasztikus pamut (1 r\u00e9teg):<\/strong><br \/>\n&#8211; Az eleje \u00e9s a h\u00e1ta a v\u00e1lasztott &#8222;M&#8221; k\u00fcls\u0151 anyagmint\u00e1b\u00f3l (95% pamut, 5% elaszt\u00e1n)<\/li>\n<\/ol>\n<p>A pizsama tartalmaz:<\/p>\n<p>&#8211; egy bels\u0151 c\u00edmke ami k\u00f6nnyed\u00e9n lev\u00e1ghat\u00f3<br \/>\n&#8211; f\u00e9m patentek vagy cipz\u00e1r v\u00e1laszt\u00e1s szerint<\/p>\n<p>      <\/div>\n<\/section>\n\n<section data-content=\"+\" class=\"accordion\">\n  <div class=\"title\">Hasznos inform\u00e1ci\u00f3k<\/div>\n  <div class=\"accordion-panel\">\n    <p><ul>\n<li>Aj\u00e1nlott mos\u00e1si fok: 30\u00a0&#8211; 40\u00a0\u00b0C<\/li>\n<li>Aj\u00e1nlott mos\u00f3g\u00e9p centrifuga: 800 &#8211; 1000 fordulat \/ perc<\/li>\n<li>Aj\u00e1nlott vasal\u00e1si fok: 110\u00a0\u00b0C<\/li>\n<li>A sz\u00e1r\u00edt\u00f3g\u00e9p haszn\u00e1lat\u00e1t nem aj\u00e1nljuk.<\/li>\n<li>Ne haszn\u00e1ljon er\u0151s feh\u00e9r\u00edt\u0151t.<\/li>\n<\/ul>\n<p>      <\/div>\n<\/section>\n    <\/div>\n<\/div>","protected":false},"excerpt":{"rendered":"<p>Body v\u00e1laszthat\u00f3 r\u00f6vid vagy hossz\u00fa ujjal. Alul patenttel nyithat\u00f3 \u00e9s z\u00e1rhat\u00f3.<\/p>\n","protected":false},"featured_media":6576,"comment_status":"open","ping_status":"closed","template":"","meta":{"site-sidebar-layout":"default","site-content-layout":"","ast-site-content-layout":"default","site-content-style":"default","site-sidebar-style":"default","ast-global-header-display":"","ast-banner-title-visibility":"","ast-main-header-display":"","ast-hfb-above-header-display":"","ast-hfb-below-header-display":"","ast-hfb-mobile-header-display":"","site-post-title":"","ast-breadcrumbs-content":"","ast-featured-img":"","footer-sml-layout":"","theme-transparent-header-meta":"","adv-header-id-meta":"","stick-header-meta":"","header-above-stick-meta":"","header-main-stick-meta":"","header-below-stick-meta":"","astra-migrate-meta-layouts":"set","ast-page-background-enabled":"default","ast-page-background-meta":{"desktop":{"background-color":"var(--ast-global-color-4)","background-image":"","background-repeat":"repeat","background-position":"center center","background-size":"auto","background-attachment":"scroll","background-type":"","background-media":"","overlay-type":"","overlay-color":"","overlay-gradient":""},"tablet":{"background-color":"","background-image":"","background-repeat":"repeat","background-position":"center center","background-size":"auto","background-attachment":"scroll","background-type":"","background-media":"","overlay-type":"","overlay-color":"","overlay-gradient":""},"mobile":{"background-color":"","background-image":"","background-repeat":"repeat","background-position":"center center","background-size":"auto","background-attachment":"scroll","background-type":"","background-media":"","overlay-type":"","overlay-color":"","overlay-gradient":""}},"ast-content-background-meta":{"desktop":{"background-color":"var(--ast-global-color-5)","background-image":"","background-repeat":"repeat","background-position":"center center","background-size":"auto","background-attachment":"scroll","background-type":"","background-media":"","overlay-type":"","overlay-color":"","overlay-gradient":""},"tablet":{"background-color":"var(--ast-global-color-5)","background-image":"","background-repeat":"repeat","background-position":"center center","background-size":"auto","background-attachment":"scroll","background-type":"","background-media":"","overlay-type":"","overlay-color":"","overlay-gradient":""},"mobile":{"background-color":"var(--ast-global-color-5)","background-image":"","background-repeat":"repeat","background-position":"center center","background-size":"auto","background-attachment":"scroll","background-type":"","background-media":"","overlay-type":"","overlay-color":"","overlay-gradient":""}}},"product_brand":[],"product_cat":[362,733,566,137,754],"product_tag":[398,364,366,372,367],"class_list":{"0":"post-6597","1":"product","2":"type-product","3":"status-publish","4":"has-post-thumbnail","6":"product_cat-osszes-termek","7":"product_cat-osz","8":"product_cat-pizsama","9":"product_cat-ruhazat","10":"product_cat-tel","11":"product_tag-2022-kollekcio","12":"product_tag-mintas-anyagok","13":"product_tag-nyar","14":"product_tag-osz","15":"product_tag-tavasz","16":"desktop-align-left","17":"tablet-align-left","18":"mobile-align-left","20":"first","21":"instock","22":"shipping-taxable","23":"purchasable","24":"product-type-variable","25":"has-default-attributes","26":"add-to-wishlist-before_image"},"aioseo_notices":[],"_links":{"self":[{"href":"https:\/\/lilbro.ro\/hu\/wp-json\/wp\/v2\/product\/6597","targetHints":{"allow":["GET"]}}],"collection":[{"href":"https:\/\/lilbro.ro\/hu\/wp-json\/wp\/v2\/product"}],"about":[{"href":"https:\/\/lilbro.ro\/hu\/wp-json\/wp\/v2\/types\/product"}],"replies":[{"embeddable":true,"href":"https:\/\/lilbro.ro\/hu\/wp-json\/wp\/v2\/comments?post=6597"}],"wp:featuredmedia":[{"embeddable":true,"href":"https:\/\/lilbro.ro\/hu\/wp-json\/wp\/v2\/media\/6576"}],"wp:attachment":[{"href":"https:\/\/lilbro.ro\/hu\/wp-json\/wp\/v2\/media?parent=6597"}],"wp:term":[{"taxonomy":"product_brand","embeddable":true,"href":"https:\/\/lilbro.ro\/hu\/wp-json\/wp\/v2\/product_brand?post=6597"},{"taxonomy":"product_cat","embeddable":true,"href":"https:\/\/lilbro.ro\/hu\/wp-json\/wp\/v2\/product_cat?post=6597"},{"taxonomy":"product_tag","embeddable":true,"href":"https:\/\/lilbro.ro\/hu\/wp-json\/wp\/v2\/product_tag?post=6597"}],"curies":[{"name":"wp","href":"https:\/\/api.w.org\/{rel}","templated":true}]}}