{"id":6431,"date":"2022-02-17T10:41:41","date_gmt":"2022-02-17T10:41:42","guid":{"rendered":"https:\/\/lilbro.ro\/?post_type=product&#038;p=6431"},"modified":"2023-01-12T14:13:08","modified_gmt":"2023-01-12T14:13:08","slug":"arctorlo-kendo","status":"publish","type":"product","link":"https:\/\/lilbro.ro\/hu\/produs\/arctorlo-kendo\/","title":{"rendered":"Arct\u00f6rl\u0151 kend\u0151 pamutg\u00e9z anyagb\u00f3l 20&#215;30 cm"},"content":{"rendered":"\n<p>Nedvsz\u00edv\u00f3 kend\u0151 mely haszn\u00e1lhat\u00f3 pelenkacser\u00e9n\u00e9l, de biztons\u00e1got ny\u00fajthat v\u00e1llra ter\u00edtve a gyerek \u00e9tkez\u00e9se ut\u00e1n is, vagy szoptat\u00e1s ut\u00e1ni arct\u00f6rl\u0151 b\u00fcfiztet\u00e9shez.<\/p>\n\n\n\n<p>1 darab 20\u00d730 cm.<\/p>\n\n\n<div class=\"accordion-container\">\n    <div class=\"section\">\n        \n<section data-content=\"+\" class=\"accordion\">\n  <div class=\"title\">M\u00e9retek<\/div>\n  <div class=\"accordion-panel\">\n    <p><p>Hossz\u00fas\u00e1g: k\u00f6r\u00fclbel\u00fcl 30 cm<\/p>\n<p>Sz\u00e9less\u00e9g: k\u00f6r\u00fclbel\u00fcl 30 cm<\/p>\n<p>      <\/div>\n<\/section>\n\n<section data-content=\"+\" class=\"accordion\">\n  <div class=\"title\">Mib\u0151l k\u00e9sz\u00fcl?<\/div>\n  <div class=\"accordion-panel\">\n    <p><p>100% pamutg\u00e9zb\u0151l.<\/p>\n<p>      <\/div>\n<\/section>\n\n<section data-content=\"+\" class=\"accordion\">\n  <div class=\"title\">Milyen vastag, a v\u00e1lasztott anyagminta \u00e9s a kompoz\u00edci\u00f3<\/div>\n  <div class=\"accordion-panel\">\n    <p><p><strong>Az anyag kompoz\u00edci\u00f3ja:<\/strong><\/p>\n<ol>\n<li><strong>Dupla pamut TOG 1.0:<\/strong><br \/>\n&#8211; K\u00fcls\u0151 r\u00e9sze a v\u00e1lasztott \u201cG\u201d k\u00fcls\u0151 anyagmint\u00e1b\u00f3l (100% pamut)<\/li>\n<\/ol>\n<p>A kend\u0151 tartalmaz:<\/p>\n<p>&#8211; egy bels\u0151 c\u00edmke ami k\u00f6nnyed\u00e9n lev\u00e1ghat\u00f3<\/p>\n<p>      <\/div>\n<\/section>\n\n<section data-content=\"+\" class=\"accordion\">\n  <div class=\"title\">Fontos inform\u00e1ci\u00f3k<\/div>\n  <div class=\"accordion-panel\">\n    <p><ul>\n<li>Aj\u00e1nlott mos\u00e1si fok: 30\u00a0&#8211; 40\u00a0\u00b0C<\/li>\n<li>Aj\u00e1nlott mos\u00f3g\u00e9p centrifuga: 800 &#8211; 1000 fordulat \/ perc<\/li>\n<li>Aj\u00e1nlott vasal\u00e1si fok: 110\u00a0\u00b0C<\/li>\n<li>A sz\u00e1r\u00edt\u00f3g\u00e9p haszn\u00e1lat\u00e1t nem aj\u00e1nljuk.<\/li>\n<li>Ne haszn\u00e1ljon er\u0151s feh\u00e9r\u00edt\u0151t<\/li>\n<\/ul>\n<p>      <\/div>\n<\/section>\n    <\/div>\n<\/div>","protected":false},"excerpt":{"rendered":"<p>1 darab 20&#215;30 cm.<\/p>\n","protected":false},"featured_media":6435,"comment_status":"open","ping_status":"closed","template":"","meta":{"site-sidebar-layout":"default","site-content-layout":"","ast-site-content-layout":"","site-content-style":"default","site-sidebar-style":"default","ast-global-header-display":"","ast-banner-title-visibility":"","ast-main-header-display":"","ast-hfb-above-header-display":"","ast-hfb-below-header-display":"","ast-hfb-mobile-header-display":"","site-post-title":"","ast-breadcrumbs-content":"","ast-featured-img":"","footer-sml-layout":"","theme-transparent-header-meta":"","adv-header-id-meta":"","stick-header-meta":"","header-above-stick-meta":"","header-main-stick-meta":"","header-below-stick-meta":"","astra-migrate-meta-layouts":"default","ast-page-background-enabled":"default","ast-page-background-meta":{"desktop":{"background-color":"var(--ast-global-color-4)","background-image":"","background-repeat":"repeat","background-position":"center center","background-size":"auto","background-attachment":"scroll","background-type":"","background-media":"","overlay-type":"","overlay-color":"","overlay-gradient":""},"tablet":{"background-color":"","background-image":"","background-repeat":"repeat","background-position":"center center","background-size":"auto","background-attachment":"scroll","background-type":"","background-media":"","overlay-type":"","overlay-color":"","overlay-gradient":""},"mobile":{"background-color":"","background-image":"","background-repeat":"repeat","background-position":"center center","background-size":"auto","background-attachment":"scroll","background-type":"","background-media":"","overlay-type":"","overlay-color":"","overlay-gradient":""}},"ast-content-background-meta":{"desktop":{"background-color":"var(--ast-global-color-5)","background-image":"","background-repeat":"repeat","background-position":"center center","background-size":"auto","background-attachment":"scroll","background-type":"","background-media":"","overlay-type":"","overlay-color":"","overlay-gradient":""},"tablet":{"background-color":"var(--ast-global-color-5)","background-image":"","background-repeat":"repeat","background-position":"center center","background-size":"auto","background-attachment":"scroll","background-type":"","background-media":"","overlay-type":"","overlay-color":"","overlay-gradient":""},"mobile":{"background-color":"var(--ast-global-color-5)","background-image":"","background-repeat":"repeat","background-position":"center center","background-size":"auto","background-attachment":"scroll","background-type":"","background-media":"","overlay-type":"","overlay-color":"","overlay-gradient":""}}},"product_brand":[],"product_cat":[362,449],"product_tag":[398,364,366,372,367,371],"class_list":{"0":"post-6431","1":"product","2":"type-product","3":"status-publish","4":"has-post-thumbnail","6":"product_cat-osszes-termek","7":"product_cat-sapkak-es-kiegeszitok","8":"product_tag-2022-kollekcio","9":"product_tag-mintas-anyagok","10":"product_tag-nyar","11":"product_tag-osz","12":"product_tag-tavasz","13":"product_tag-tel","14":"desktop-align-left","15":"tablet-align-left","16":"mobile-align-left","18":"first","19":"instock","20":"shipping-taxable","21":"purchasable","22":"product-type-variable","23":"add-to-wishlist-before_image"},"aioseo_notices":[],"_links":{"self":[{"href":"https:\/\/lilbro.ro\/hu\/wp-json\/wp\/v2\/product\/6431","targetHints":{"allow":["GET"]}}],"collection":[{"href":"https:\/\/lilbro.ro\/hu\/wp-json\/wp\/v2\/product"}],"about":[{"href":"https:\/\/lilbro.ro\/hu\/wp-json\/wp\/v2\/types\/product"}],"replies":[{"embeddable":true,"href":"https:\/\/lilbro.ro\/hu\/wp-json\/wp\/v2\/comments?post=6431"}],"wp:featuredmedia":[{"embeddable":true,"href":"https:\/\/lilbro.ro\/hu\/wp-json\/wp\/v2\/media\/6435"}],"wp:attachment":[{"href":"https:\/\/lilbro.ro\/hu\/wp-json\/wp\/v2\/media?parent=6431"}],"wp:term":[{"taxonomy":"product_brand","embeddable":true,"href":"https:\/\/lilbro.ro\/hu\/wp-json\/wp\/v2\/product_brand?post=6431"},{"taxonomy":"product_cat","embeddable":true,"href":"https:\/\/lilbro.ro\/hu\/wp-json\/wp\/v2\/product_cat?post=6431"},{"taxonomy":"product_tag","embeddable":true,"href":"https:\/\/lilbro.ro\/hu\/wp-json\/wp\/v2\/product_tag?post=6431"}],"curies":[{"name":"wp","href":"https:\/\/api.w.org\/{rel}","templated":true}]}}