{"id":6379,"date":"2022-02-09T09:56:05","date_gmt":"2022-02-09T09:56:05","guid":{"rendered":"https:\/\/lilbro.ro\/?post_type=product&#038;p=6379"},"modified":"2025-05-27T13:42:16","modified_gmt":"2025-05-27T13:42:16","slug":"nyuszi-sapka-kagula-egyszinu-anyagbol","status":"publish","type":"product","link":"https:\/\/lilbro.ro\/hu\/produs\/nyuszi-sapka-kagula-egyszinu-anyagbol\/","title":{"rendered":"Nyuszi sapka (kagula) egysz\u00edn\u0171 anyagb\u00f3l"},"content":{"rendered":"\n<p>Sapka \u00e9s s\u00e1l egyben? Nincs t\u00f6bb\u00e9 se csupasz homlok, sem pedig csupasz nyak. \u00cdme a nyuszi sapi, azaz a kagula.<\/p>\n\n\n\n<p>Az elasztikus pamutnak k\u00f6sz\u00f6nhet\u0151en egy extra k\u00e9nyelmes, a fejre j\u00f3l illeszked\u0151 sapka, mely nem cs\u00faszik be a gyerek szem\u00e9be (arc\u00e1ba).<\/p>\n\n\n\n<p>Rendel\u00e9s sor\u00e1n aj\u00e1nlott a fejk\u00f6rm\u00e9ret bek\u00fcld\u00e9se, \u00edgy m\u00e9g pontosabbak tudunk lenni a m\u00e9retben.<\/p>\n\n\n\n<p>A k\u00e9t vastags\u00e1g t\u00f6k\u00e9letes lehet az \u00e9v b\u00e1rmely napj\u00e1ra, a hideg t\u00e9li h\u00f3napokt\u00f3l a tavasz \u00e9s \u0151sz\u00f6n \u00e1t eg\u00e9sz a szell\u0151sebb ny\u00e1ri h\u0171v\u00f6s est\u00e9kig.<\/p>\n\n\n\n<p>Sapk\u00e1inkat eg\u00e9sz pici kort\u00f3l, ak\u00e1r m\u00e1r \u00fajsz\u00fcl\u00f6tt kort\u00f3l k\u00e9sz\u00edtj\u00fck.<\/p>\n\n\n<div class=\"accordion-container\">\n    <div class=\"section\">\n        \n<section data-content=\"+\" class=\"accordion\">\n  <div class=\"title\">M\u00e9retek<\/div>\n  <div class=\"accordion-panel\">\n        <img decoding=\"async\" src=\"https:\/\/lilbro.ro\/wp-content\/uploads\/2021\/12\/CACIULA-1.jpg\" alt=\"\">   <\/div>\n<\/section>\n\n<section data-content=\"+\" class=\"accordion\">\n  <div class=\"title\">Mib\u0151l k\u00e9sz\u00fcl?<\/div>\n  <div class=\"accordion-panel\">\n    <p><p>Elasztikus pamutb\u00f3l k\u00e9sz\u00fcl a t\u00f6k\u00e9letes k\u00e9nyelem \u00e9rdek\u00e9ben.<\/p>\n<p>      <\/div>\n<\/section>\n\n<section data-content=\"+\" class=\"accordion\">\n  <div class=\"title\">Az anyag kompoz\u00edci\u00f3ja \u00e9s a v\u00e1laszthat\u00f3 minta:<\/div>\n  <div class=\"accordion-panel\">\n    <p><p>Sapk\u00e1ink jelenleg k\u00e9t vastags\u00e1gban rendelhet\u0151ek:<\/p>\n<ol>\n<li>K\u00e9tr\u00e9teg\u0171 pol\u00e1r bels\u0151vel<\/li>\n<li>K\u00e9tr\u00e9teg\u0171 dupla pamut<\/li>\n<\/ol>\n<p><strong>Az anyag kompoz\u00edci\u00f3ja \u00e9s a v\u00e1lasztott anyagmint\u00e1k:<\/strong><\/p>\n<ol>\n<li><strong>K\u00e9tr\u00e9teg\u0171 pol\u00e1rral TOG 2.5:<\/strong><br \/>\n&#8211; K\u00fcls\u0151 r\u00e9sze a v\u00e1lasztott \u201cM\u201d k\u00fcls\u0151 anyagmint\u00e1b\u00f3l (95% pamut, 5% elaszt\u00e1n)<br \/>\n&#8211; A bels\u0151 r\u00e9teg mikropol\u00e1r, enyh\u00e9n vastagabb (100% mikropoli\u00e9szter)<\/li>\n<li><strong>Dupla pamut TOG 1.0:<\/strong><br \/>\n&#8211; K\u00fcls\u0151 r\u00e9sze a v\u00e1lasztott \u201cM\u201d k\u00fcls\u0151 anyagmint\u00e1b\u00f3l (95% pamut, 5% elaszt\u00e1n)<br \/>\n&#8211; A bels\u0151 r\u00e9sze egy hozz\u00e1 ill\u0151 elasztikus &#8222;egysz\u00edn\u0171&#8221; pamut (95% pamut, 5% elaszt\u00e1n)<\/li>\n<\/ol>\n<p>A sapk\u00e1k tartalmaznak:<\/p>\n<p>&#8211; egy bels\u0151 c\u00edmke ami k\u00f6nnyed\u00e9n lev\u00e1ghat\u00f3<\/p>\n<p>      <\/div>\n<\/section>\n\n<section data-content=\"+\" class=\"accordion\">\n  <div class=\"title\">Fontos inform\u00e1ci\u00f3k<\/div>\n  <div class=\"accordion-panel\">\n    <p><ul>\n<li>Aj\u00e1nlott mos\u00e1si fok: 30\u00a0&#8211; 40\u00a0\u00b0C<\/li>\n<li>Aj\u00e1nlott mos\u00f3g\u00e9p centrifuga: 800 &#8211; 1000 fordulat \/ perc<\/li>\n<li>Aj\u00e1nlott vasal\u00e1si fok: 110\u00a0\u00b0C<\/li>\n<li>A sz\u00e1r\u00edt\u00f3g\u00e9p haszn\u00e1lat\u00e1t nem aj\u00e1nljuk.<\/li>\n<li>Ne haszn\u00e1ljon er\u0151s feh\u00e9r\u00edt\u0151t<\/li>\n<\/ul>\n<p>      <\/div>\n<\/section>\n    <\/div>\n<\/div>","protected":false},"excerpt":{"rendered":"<p>Sapka \u00e9s s\u00e1l egyben? Nincs t\u00f6bb\u00e9 se csupasz homlok, sem pedig csupasz nyak. \u00cdme a nyuszi sapi, azaz a kagula.<\/p>\n","protected":false},"featured_media":6382,"comment_status":"open","ping_status":"closed","template":"","meta":{"site-sidebar-layout":"default","site-content-layout":"","ast-site-content-layout":"default","site-content-style":"default","site-sidebar-style":"default","ast-global-header-display":"","ast-banner-title-visibility":"","ast-main-header-display":"","ast-hfb-above-header-display":"","ast-hfb-below-header-display":"","ast-hfb-mobile-header-display":"","site-post-title":"","ast-breadcrumbs-content":"","ast-featured-img":"","footer-sml-layout":"","theme-transparent-header-meta":"","adv-header-id-meta":"","stick-header-meta":"","header-above-stick-meta":"","header-main-stick-meta":"","header-below-stick-meta":"","astra-migrate-meta-layouts":"set","ast-page-background-enabled":"default","ast-page-background-meta":{"desktop":{"background-color":"var(--ast-global-color-4)","background-image":"","background-repeat":"repeat","background-position":"center center","background-size":"auto","background-attachment":"scroll","background-type":"","background-media":"","overlay-type":"","overlay-color":"","overlay-gradient":""},"tablet":{"background-color":"","background-image":"","background-repeat":"repeat","background-position":"center center","background-size":"auto","background-attachment":"scroll","background-type":"","background-media":"","overlay-type":"","overlay-color":"","overlay-gradient":""},"mobile":{"background-color":"","background-image":"","background-repeat":"repeat","background-position":"center center","background-size":"auto","background-attachment":"scroll","background-type":"","background-media":"","overlay-type":"","overlay-color":"","overlay-gradient":""}},"ast-content-background-meta":{"desktop":{"background-color":"var(--ast-global-color-5)","background-image":"","background-repeat":"repeat","background-position":"center center","background-size":"auto","background-attachment":"scroll","background-type":"","background-media":"","overlay-type":"","overlay-color":"","overlay-gradient":""},"tablet":{"background-color":"var(--ast-global-color-5)","background-image":"","background-repeat":"repeat","background-position":"center center","background-size":"auto","background-attachment":"scroll","background-type":"","background-media":"","overlay-type":"","overlay-color":"","overlay-gradient":""},"mobile":{"background-color":"var(--ast-global-color-5)","background-image":"","background-repeat":"repeat","background-position":"center center","background-size":"auto","background-attachment":"scroll","background-type":"","background-media":"","overlay-type":"","overlay-color":"","overlay-gradient":""}}},"product_brand":[],"product_cat":[362,733,452,449,754],"product_tag":[373,398,473,554,372,367,371],"class_list":{"0":"post-6379","1":"product","2":"type-product","3":"status-publish","4":"has-post-thumbnail","6":"product_cat-osszes-termek","7":"product_cat-osz","8":"product_cat-sapkak","9":"product_cat-sapkak-es-kiegeszitok","10":"product_cat-tel","11":"product_tag-2021-es-kollekcio","12":"product_tag-2022-kollekcio","13":"product_tag-egyszinu-anyagok","14":"product_tag-kagula","15":"product_tag-osz","16":"product_tag-tavasz","17":"product_tag-tel","18":"desktop-align-left","19":"tablet-align-left","20":"mobile-align-left","22":"first","23":"instock","24":"shipping-taxable","25":"purchasable","26":"product-type-variable","27":"add-to-wishlist-before_image"},"aioseo_notices":[],"_links":{"self":[{"href":"https:\/\/lilbro.ro\/hu\/wp-json\/wp\/v2\/product\/6379","targetHints":{"allow":["GET"]}}],"collection":[{"href":"https:\/\/lilbro.ro\/hu\/wp-json\/wp\/v2\/product"}],"about":[{"href":"https:\/\/lilbro.ro\/hu\/wp-json\/wp\/v2\/types\/product"}],"replies":[{"embeddable":true,"href":"https:\/\/lilbro.ro\/hu\/wp-json\/wp\/v2\/comments?post=6379"}],"wp:featuredmedia":[{"embeddable":true,"href":"https:\/\/lilbro.ro\/hu\/wp-json\/wp\/v2\/media\/6382"}],"wp:attachment":[{"href":"https:\/\/lilbro.ro\/hu\/wp-json\/wp\/v2\/media?parent=6379"}],"wp:term":[{"taxonomy":"product_brand","embeddable":true,"href":"https:\/\/lilbro.ro\/hu\/wp-json\/wp\/v2\/product_brand?post=6379"},{"taxonomy":"product_cat","embeddable":true,"href":"https:\/\/lilbro.ro\/hu\/wp-json\/wp\/v2\/product_cat?post=6379"},{"taxonomy":"product_tag","embeddable":true,"href":"https:\/\/lilbro.ro\/hu\/wp-json\/wp\/v2\/product_tag?post=6379"}],"curies":[{"name":"wp","href":"https:\/\/api.w.org\/{rel}","templated":true}]}}