{"id":6260,"date":"2022-01-31T08:17:00","date_gmt":"2022-01-31T08:17:00","guid":{"rendered":"https:\/\/lilbro.ro\/?post_type=product&#038;p=6260"},"modified":"2025-09-09T12:51:22","modified_gmt":"2025-09-09T12:51:22","slug":"standard-sapka-mintas-anyagbol-copiaza","status":"publish","type":"product","link":"https:\/\/lilbro.ro\/hu\/produs\/standard-sapka-mintas-anyagbol-copiaza\/","title":{"rendered":"Maci sapka (kagula) mint\u00e1s anyagb\u00f3l"},"content":{"rendered":"\n<p>Exist\u0103 o c\u0103ciul\u0103 care este un fular \u0219i o c\u0103ciul\u0103 simultan? Nu o s\u0103 mai fie nici frunte, nici g\u00e2t descoperit. Aici ave\u021bi c\u0103ciula ursule\u021b, cagul\u0103.<\/p>\n\n\n\n<p>Datorit\u0103 materialului bumbac elastic Jersey este un produs extrem de confortabil, se potrive\u0219te bine la nivelul capului, \u0219i nu intr\u0103 \u00een fa\u021ba\/ochii copila\u0219ului.<\/p>\n\n\n\n<p>La comandarea acestui produs este recomandat trimiterea m\u0103rimii capului copila\u0219ului \u00een centimetrii (diametrul: ureche-ceaf\u0103-ureche-frunte), astfel putem fi mult mai punctuali la aflarea m\u0103rimii exacte.<br>Cele dou\u0103 tipuri de grosime pot fi ideale \u00een fiecare zi a anului, \u00eencep\u00e2nd de la lunile friguroase de iarn\u0103, continu\u00e2nd cu lunile de prim\u0103var\u0103 sau toamn\u0103, p\u00e2n\u0103 la serile c\u0103lduroase de var\u0103.<br>C\u0103ciulile noastre pot fi comandate chiar \u00eencep\u00e2nd de la m\u0103rimea pentru nou-n\u0103scu\u021bi.<\/p>\n\n\n<div class=\"accordion-container\">\n    <div class=\"section\">\n        \n<section data-content=\"+\" class=\"accordion\">\n  <div class=\"title\">M\u0103rimi<\/div>\n  <div class=\"accordion-panel\">\n        <img decoding=\"async\" src=\"https:\/\/lilbro.ro\/wp-content\/uploads\/2023\/02\/2023sapka.jpg\" alt=\"\">   <\/div>\n<\/section>\n\n<section data-content=\"+\" class=\"accordion\">\n  <div class=\"title\">Din ce este fabricat?<\/div>\n  <div class=\"accordion-panel\">\n    <p><p>Este fabricat din bumbac elastic pentru un aspect perfect confortabil.<\/p>\n<p>      <\/div>\n<\/section>\n\n<section data-content=\"+\" class=\"accordion\">\n  <div class=\"title\">C\u00e2t de gros este, materialul selectat \u0219i compozi\u021bia<\/div>\n  <div class=\"accordion-panel\">\n    <p><p>Momentan c\u0103ciuli poate fi comandat \u00een dou\u0103 tipuri de grosimi:<\/p>\n<ol>\n<li>Bumbac cu polar de 2 straturi<\/li>\n<li>Bumbac dublu de 2 straturi<\/li>\n<\/ol>\n<p>Componenta materialelor si materialele care pot fi alese:<\/p>\n<ol>\n<li><strong>Bumbac cu polar (2 straturi):<\/strong><br \/>\n&#8211; Partea din fat\u00e3 din materialul ales pentru exterior \u201cM\u201d (95% bumbac, 5% elastan)<br \/>\n&#8211; Partea interiaoar\u00e3 din materialul micropolar (100% micropoliester)<\/li>\n<li><strong>Bumbac dublu (2 straturi):<\/strong><br \/>\n&#8211; Partea din fat\u0103 \u0219i din spate din materialul ales pentru exterior \u201cM\u201d (95% bumbac, 5% elastan)<br \/>\n&#8211; Partea interiaoar\u0103 din material \u201cUnicolor\u201d (95% bumbac, 5% elastan)<\/li>\n<\/ol>\n<p>\u00cen continuare c\u0103ciuli contin:<\/p>\n<p>&#8211; o etichet\u0103 interior\u0103 care poate fi t\u0103iat cu usurint\u0103<\/p>\n<p>      <\/div>\n<\/section>\n\n<section data-content=\"+\" class=\"accordion\">\n  <div class=\"title\">Informa\u021bii utile<\/div>\n  <div class=\"accordion-panel\">\n    <p><ul>\n<li>Recomandat o temperatur\u0103 de sp\u0103lare: 30-40 \u00b0C<\/li>\n<li>Recomandat o func\u021bie de stoarcere prin centrifug\u0103: 800 \u2013 1000 rot.\/min.<\/li>\n<li>Pentru c\u0103lcare cu fier de c\u0103lcat se recomand\u0103 o temperatur\u0103 de: 110 \u00b0C<\/li>\n<li>Nu recomand\u0103m folosirea ma\u0219inilor de uscat.<\/li>\n<li>S\u0103 nu folosi\u021bi produse \u00een\u0103lbitoare de concentra\u021bie mare.<\/li>\n<\/ul>\n<p>      <\/div>\n<\/section>\n    <\/div>\n<\/div>","protected":false},"excerpt":{"rendered":"<p>Sapka \u00e9s s\u00e1l egyben? Nincs t\u00f6bb\u00e9 se csupasz homlok, sem pedig csupasz nyak. \u00cdme a mack\u00f3 sapi, azaz a kagula.<\/p>\n","protected":false},"featured_media":8750,"comment_status":"open","ping_status":"closed","template":"","meta":{"site-sidebar-layout":"no-sidebar","site-content-layout":"plain-container","ast-site-content-layout":"normal-width-container","site-content-style":"unboxed","site-sidebar-style":"unboxed","ast-global-header-display":"","ast-banner-title-visibility":"","ast-main-header-display":"","ast-hfb-above-header-display":"","ast-hfb-below-header-display":"","ast-hfb-mobile-header-display":"","site-post-title":"disabled","ast-breadcrumbs-content":"","ast-featured-img":"disabled","footer-sml-layout":"","theme-transparent-header-meta":"","adv-header-id-meta":"","stick-header-meta":"","header-above-stick-meta":"","header-main-stick-meta":"","header-below-stick-meta":"","astra-migrate-meta-layouts":"set","ast-page-background-enabled":"default","ast-page-background-meta":{"desktop":{"background-color":"var(--ast-global-color-4)","background-image":"","background-repeat":"repeat","background-position":"center center","background-size":"auto","background-attachment":"scroll","background-type":"","background-media":"","overlay-type":"","overlay-color":"","overlay-gradient":""},"tablet":{"background-color":"","background-image":"","background-repeat":"repeat","background-position":"center center","background-size":"auto","background-attachment":"scroll","background-type":"","background-media":"","overlay-type":"","overlay-color":"","overlay-gradient":""},"mobile":{"background-color":"","background-image":"","background-repeat":"repeat","background-position":"center center","background-size":"auto","background-attachment":"scroll","background-type":"","background-media":"","overlay-type":"","overlay-color":"","overlay-gradient":""}},"ast-content-background-meta":{"desktop":{"background-color":"var(--ast-global-color-5)","background-image":"","background-repeat":"repeat","background-position":"center center","background-size":"auto","background-attachment":"scroll","background-type":"","background-media":"","overlay-type":"","overlay-color":"","overlay-gradient":""},"tablet":{"background-color":"var(--ast-global-color-5)","background-image":"","background-repeat":"repeat","background-position":"center center","background-size":"auto","background-attachment":"scroll","background-type":"","background-media":"","overlay-type":"","overlay-color":"","overlay-gradient":""},"mobile":{"background-color":"var(--ast-global-color-5)","background-image":"","background-repeat":"repeat","background-position":"center center","background-size":"auto","background-attachment":"scroll","background-type":"","background-media":"","overlay-type":"","overlay-color":"","overlay-gradient":""}}},"product_brand":[],"product_cat":[362,733,452,449,754],"product_tag":[373,398,554,364,372,367,371],"class_list":{"0":"post-6260","1":"product","2":"type-product","3":"status-publish","4":"has-post-thumbnail","6":"product_cat-osszes-termek","7":"product_cat-osz","8":"product_cat-sapkak","9":"product_cat-sapkak-es-kiegeszitok","10":"product_cat-tel","11":"product_tag-2021-es-kollekcio","12":"product_tag-2022-kollekcio","13":"product_tag-kagula","14":"product_tag-mintas-anyagok","15":"product_tag-osz","16":"product_tag-tavasz","17":"product_tag-tel","18":"desktop-align-left","19":"tablet-align-left","20":"mobile-align-left","22":"first","23":"instock","24":"shipping-taxable","25":"purchasable","26":"product-type-variable","27":"add-to-wishlist-before_image"},"aioseo_notices":[],"_links":{"self":[{"href":"https:\/\/lilbro.ro\/hu\/wp-json\/wp\/v2\/product\/6260","targetHints":{"allow":["GET"]}}],"collection":[{"href":"https:\/\/lilbro.ro\/hu\/wp-json\/wp\/v2\/product"}],"about":[{"href":"https:\/\/lilbro.ro\/hu\/wp-json\/wp\/v2\/types\/product"}],"replies":[{"embeddable":true,"href":"https:\/\/lilbro.ro\/hu\/wp-json\/wp\/v2\/comments?post=6260"}],"wp:featuredmedia":[{"embeddable":true,"href":"https:\/\/lilbro.ro\/hu\/wp-json\/wp\/v2\/media\/8750"}],"wp:attachment":[{"href":"https:\/\/lilbro.ro\/hu\/wp-json\/wp\/v2\/media?parent=6260"}],"wp:term":[{"taxonomy":"product_brand","embeddable":true,"href":"https:\/\/lilbro.ro\/hu\/wp-json\/wp\/v2\/product_brand?post=6260"},{"taxonomy":"product_cat","embeddable":true,"href":"https:\/\/lilbro.ro\/hu\/wp-json\/wp\/v2\/product_cat?post=6260"},{"taxonomy":"product_tag","embeddable":true,"href":"https:\/\/lilbro.ro\/hu\/wp-json\/wp\/v2\/product_tag?post=6260"}],"curies":[{"name":"wp","href":"https:\/\/api.w.org\/{rel}","templated":true}]}}