{"id":5872,"date":"2021-12-08T07:10:28","date_gmt":"2022-01-24T16:54:08","guid":{"rendered":"https:\/\/lilbro.ro\/?post_type=product&#038;p=5872"},"modified":"2023-12-18T16:50:46","modified_gmt":"2023-12-18T16:50:46","slug":"utalvany-voucher","status":"publish","type":"product","link":"https:\/\/lilbro.ro\/hu\/produs\/utalvany-voucher\/","title":{"rendered":"Utalv\u00e1ny (Voucher)"},"content":{"rendered":"\n<p>Aj\u00e1nd\u00e9kutalv\u00e1nyt keresel? J\u00f3 helyen j\u00e1rsz.<\/p>\n\n\n\n<p>D\u00f6ntsd el, milyen \u00e9rt\u00e9kben k\u00e9red az utalv\u00e1nyt, v\u00e1laszolj egy p\u00e1r fontos k\u00e9rd\u00e9sre, \u00e9s mi k\u00fcldj\u00fck is a kuponk\u00f3ddal ell\u00e1tott utalv\u00e1nyt, melyet felhaszn\u00e1lhatnak a webshopon b\u00e1rmilyen term\u00e9k\u00fcnkre.<\/p>\n","protected":false},"excerpt":{"rendered":"<p>Aj\u00e1nd\u00e9kutalv\u00e1nyt keresel? J\u00f3 helyen j\u00e1rsz. D\u00f6ntsd el, milyen \u00e9rt\u00e9kben k\u00e9red az utalv\u00e1nyt, v\u00e1laszolj egy p\u00e1r fontos k\u00e9rd\u00e9sre, \u00e9s mi k\u00fcldj\u00fck is a kuponk\u00f3ddal ell\u00e1tott utalv\u00e1nyt, melyet felhaszn\u00e1lhatnak a webshopon b\u00e1rmilyen term\u00e9k\u00fcnkre.<\/p>\n","protected":false},"featured_media":5241,"comment_status":"open","ping_status":"closed","template":"","meta":{"site-sidebar-layout":"default","site-content-layout":"","ast-site-content-layout":"","site-content-style":"default","site-sidebar-style":"default","ast-global-header-display":"","ast-banner-title-visibility":"","ast-main-header-display":"","ast-hfb-above-header-display":"","ast-hfb-below-header-display":"","ast-hfb-mobile-header-display":"","site-post-title":"","ast-breadcrumbs-content":"","ast-featured-img":"","footer-sml-layout":"","theme-transparent-header-meta":"","adv-header-id-meta":"","stick-header-meta":"","header-above-stick-meta":"","header-main-stick-meta":"","header-below-stick-meta":"","astra-migrate-meta-layouts":"default","ast-page-background-enabled":"default","ast-page-background-meta":{"desktop":{"background-color":"var(--ast-global-color-4)","background-image":"","background-repeat":"repeat","background-position":"center center","background-size":"auto","background-attachment":"scroll","background-type":"","background-media":"","overlay-type":"","overlay-color":"","overlay-gradient":""},"tablet":{"background-color":"","background-image":"","background-repeat":"repeat","background-position":"center center","background-size":"auto","background-attachment":"scroll","background-type":"","background-media":"","overlay-type":"","overlay-color":"","overlay-gradient":""},"mobile":{"background-color":"","background-image":"","background-repeat":"repeat","background-position":"center center","background-size":"auto","background-attachment":"scroll","background-type":"","background-media":"","overlay-type":"","overlay-color":"","overlay-gradient":""}},"ast-content-background-meta":{"desktop":{"background-color":"var(--ast-global-color-5)","background-image":"","background-repeat":"repeat","background-position":"center center","background-size":"auto","background-attachment":"scroll","background-type":"","background-media":"","overlay-type":"","overlay-color":"","overlay-gradient":""},"tablet":{"background-color":"var(--ast-global-color-5)","background-image":"","background-repeat":"repeat","background-position":"center center","background-size":"auto","background-attachment":"scroll","background-type":"","background-media":"","overlay-type":"","overlay-color":"","overlay-gradient":""},"mobile":{"background-color":"var(--ast-global-color-5)","background-image":"","background-repeat":"repeat","background-position":"center center","background-size":"auto","background-attachment":"scroll","background-type":"","background-media":"","overlay-type":"","overlay-color":"","overlay-gradient":""}}},"product_brand":[],"product_cat":[454,362,449,456],"product_tag":[373,398,470,473,364,366,372,367,371,474,475],"class_list":{"0":"post-5872","1":"product","2":"type-product","3":"status-publish","4":"has-post-thumbnail","6":"product_cat-ajandekok","7":"product_cat-osszes-termek","8":"product_cat-sapkak-es-kiegeszitok","9":"product_cat-utalvanyok","10":"product_tag-2021-es-kollekcio","11":"product_tag-2022-kollekcio","12":"product_tag-ajandekok","13":"product_tag-egyszinu-anyagok","14":"product_tag-mintas-anyagok","15":"product_tag-nyar","16":"product_tag-osz","17":"product_tag-tavasz","18":"product_tag-tel","19":"product_tag-ujszulott","20":"product_tag-utalvany","21":"desktop-align-left","22":"tablet-align-left","23":"mobile-align-left","25":"first","26":"instock","27":"shipping-taxable","28":"purchasable","29":"product-type-variable","30":"add-to-wishlist-before_image"},"aioseo_notices":[],"_links":{"self":[{"href":"https:\/\/lilbro.ro\/hu\/wp-json\/wp\/v2\/product\/5872","targetHints":{"allow":["GET"]}}],"collection":[{"href":"https:\/\/lilbro.ro\/hu\/wp-json\/wp\/v2\/product"}],"about":[{"href":"https:\/\/lilbro.ro\/hu\/wp-json\/wp\/v2\/types\/product"}],"replies":[{"embeddable":true,"href":"https:\/\/lilbro.ro\/hu\/wp-json\/wp\/v2\/comments?post=5872"}],"wp:featuredmedia":[{"embeddable":true,"href":"https:\/\/lilbro.ro\/hu\/wp-json\/wp\/v2\/media\/5241"}],"wp:attachment":[{"href":"https:\/\/lilbro.ro\/hu\/wp-json\/wp\/v2\/media?parent=5872"}],"wp:term":[{"taxonomy":"product_brand","embeddable":true,"href":"https:\/\/lilbro.ro\/hu\/wp-json\/wp\/v2\/product_brand?post=5872"},{"taxonomy":"product_cat","embeddable":true,"href":"https:\/\/lilbro.ro\/hu\/wp-json\/wp\/v2\/product_cat?post=5872"},{"taxonomy":"product_tag","embeddable":true,"href":"https:\/\/lilbro.ro\/hu\/wp-json\/wp\/v2\/product_tag?post=5872"}],"curies":[{"name":"wp","href":"https:\/\/api.w.org\/{rel}","templated":true}]}}