{"id":5871,"date":"2021-12-08T06:39:55","date_gmt":"2022-01-24T16:52:59","guid":{"rendered":"https:\/\/lilbro.ro\/?post_type=product&#038;p=5871"},"modified":"2023-01-12T15:22:03","modified_gmt":"2023-01-12T15:22:03","slug":"babalatogato-ajandekdoboz","status":"publish","type":"product","link":"https:\/\/lilbro.ro\/hu\/produs\/babalatogato-ajandekdoboz\/","title":{"rendered":"Aj\u00e1nd\u00e9kdoboz"},"content":{"rendered":"\n<p>A LilBro M\u0171hely gondol azokra is, akik csak aj\u00e1nd\u00e9koz\u00e1s c\u00e9lj\u00e1b\u00f3l l\u00e1togatnak az oldalra.<\/p>\n\n\n\n<p>Sz\u00e1mtalan m\u00e9ret, anyagminta \u00e9s term\u00e9k k\u00f6z\u00fcl lehet v\u00e1lasztani, de vannak k\u00e9sz csomagjaink is, hogy megk\u00f6nny\u00edtse a d\u00f6nt\u00e9st.<\/p>\n\n\n\n<p>K\u00e9sz\u00fclt\u00fcnk \u00fajsz\u00fcl\u00f6tt, babal\u00e1togat\u00f3 csomagokkal is.<\/p>\n","protected":false},"excerpt":{"rendered":"<p>K\u00e9rj\u00fck t\u00f6ltsd ki az al\u00e1bbi r\u00e9szleteket \u00e9s mi megkeres\u00fcnk egy aj\u00e1nd\u00e9k \u00f6tlettel, aj\u00e1nlattal.<\/p>\n","protected":false},"featured_media":4787,"comment_status":"open","ping_status":"closed","template":"","meta":{"site-sidebar-layout":"default","site-content-layout":"","ast-site-content-layout":"","site-content-style":"default","site-sidebar-style":"default","ast-global-header-display":"","ast-banner-title-visibility":"","ast-main-header-display":"","ast-hfb-above-header-display":"","ast-hfb-below-header-display":"","ast-hfb-mobile-header-display":"","site-post-title":"","ast-breadcrumbs-content":"","ast-featured-img":"","footer-sml-layout":"","theme-transparent-header-meta":"","adv-header-id-meta":"","stick-header-meta":"","header-above-stick-meta":"","header-main-stick-meta":"","header-below-stick-meta":"","astra-migrate-meta-layouts":"default","ast-page-background-enabled":"default","ast-page-background-meta":{"desktop":{"background-color":"var(--ast-global-color-4)","background-image":"","background-repeat":"repeat","background-position":"center center","background-size":"auto","background-attachment":"scroll","background-type":"","background-media":"","overlay-type":"","overlay-color":"","overlay-gradient":""},"tablet":{"background-color":"","background-image":"","background-repeat":"repeat","background-position":"center center","background-size":"auto","background-attachment":"scroll","background-type":"","background-media":"","overlay-type":"","overlay-color":"","overlay-gradient":""},"mobile":{"background-color":"","background-image":"","background-repeat":"repeat","background-position":"center center","background-size":"auto","background-attachment":"scroll","background-type":"","background-media":"","overlay-type":"","overlay-color":"","overlay-gradient":""}},"ast-content-background-meta":{"desktop":{"background-color":"var(--ast-global-color-5)","background-image":"","background-repeat":"repeat","background-position":"center center","background-size":"auto","background-attachment":"scroll","background-type":"","background-media":"","overlay-type":"","overlay-color":"","overlay-gradient":""},"tablet":{"background-color":"var(--ast-global-color-5)","background-image":"","background-repeat":"repeat","background-position":"center center","background-size":"auto","background-attachment":"scroll","background-type":"","background-media":"","overlay-type":"","overlay-color":"","overlay-gradient":""},"mobile":{"background-color":"var(--ast-global-color-5)","background-image":"","background-repeat":"repeat","background-position":"center center","background-size":"auto","background-attachment":"scroll","background-type":"","background-media":"","overlay-type":"","overlay-color":"","overlay-gradient":""}}},"product_brand":[],"product_cat":[454,455,362,449],"product_tag":[373,398,470,473,364,366,372,367,371,474],"class_list":{"0":"post-5871","1":"product","2":"type-product","3":"status-publish","4":"has-post-thumbnail","6":"product_cat-ajandekok","7":"product_cat-babavaro-csomagok","8":"product_cat-osszes-termek","9":"product_cat-sapkak-es-kiegeszitok","10":"product_tag-2021-es-kollekcio","11":"product_tag-2022-kollekcio","12":"product_tag-ajandekok","13":"product_tag-egyszinu-anyagok","14":"product_tag-mintas-anyagok","15":"product_tag-nyar","16":"product_tag-osz","17":"product_tag-tavasz","18":"product_tag-tel","19":"product_tag-ujszulott","20":"desktop-align-left","21":"tablet-align-left","22":"mobile-align-left","24":"first","25":"instock","26":"shipping-taxable","27":"purchasable","28":"product-type-variable","29":"add-to-wishlist-before_image"},"aioseo_notices":[],"_links":{"self":[{"href":"https:\/\/lilbro.ro\/hu\/wp-json\/wp\/v2\/product\/5871","targetHints":{"allow":["GET"]}}],"collection":[{"href":"https:\/\/lilbro.ro\/hu\/wp-json\/wp\/v2\/product"}],"about":[{"href":"https:\/\/lilbro.ro\/hu\/wp-json\/wp\/v2\/types\/product"}],"replies":[{"embeddable":true,"href":"https:\/\/lilbro.ro\/hu\/wp-json\/wp\/v2\/comments?post=5871"}],"wp:featuredmedia":[{"embeddable":true,"href":"https:\/\/lilbro.ro\/hu\/wp-json\/wp\/v2\/media\/4787"}],"wp:attachment":[{"href":"https:\/\/lilbro.ro\/hu\/wp-json\/wp\/v2\/media?parent=5871"}],"wp:term":[{"taxonomy":"product_brand","embeddable":true,"href":"https:\/\/lilbro.ro\/hu\/wp-json\/wp\/v2\/product_brand?post=5871"},{"taxonomy":"product_cat","embeddable":true,"href":"https:\/\/lilbro.ro\/hu\/wp-json\/wp\/v2\/product_cat?post=5871"},{"taxonomy":"product_tag","embeddable":true,"href":"https:\/\/lilbro.ro\/hu\/wp-json\/wp\/v2\/product_tag?post=5871"}],"curies":[{"name":"wp","href":"https:\/\/api.w.org\/{rel}","templated":true}]}}