{"id":5849,"date":"2021-12-08T05:22:16","date_gmt":"2021-12-08T05:22:16","guid":{"rendered":"https:\/\/lilbro.ro\/?post_type=product&#038;p=5849"},"modified":"2025-11-19T07:57:19","modified_gmt":"2025-11-19T07:57:19","slug":"softshell-kabat","status":"publish","type":"product","link":"https:\/\/lilbro.ro\/hu\/produs\/softshell-kabat\/","title":{"rendered":"Softshell kab\u00e1t"},"content":{"rendered":"\n<p>Softshell kardig\u00e1nunk a csapad\u00e9kos, szeles napokra, de alul \u00f6lt\u00f6z\u00e9kkel ak\u00e1r a t\u00e9li havaz\u00f3kba is alkalmas.<\/p>\n\n\n\n<p>Kapucnival, cipz\u00e1rral \u00e9s zsebekkel ell\u00e1tott.<\/p>\n\n\n\n<p>Softshell anyagunk csepp- \u00e9s sz\u00e9l\u00e1ll\u00f3.<\/p>\n\n\n<div class=\"accordion-container\">\n    <div class=\"section\">\n        \n<section data-content=\"+\" class=\"accordion\">\n  <div class=\"title\">M\u00e9retek<\/div>\n  <div class=\"accordion-panel\">\n        <img decoding=\"async\" src=\"https:\/\/lilbro.ro\/wp-content\/uploads\/2021\/12\/Kapucnis-Kardigan.jpg\" alt=\"\">   <\/div>\n<\/section>\n\n<section data-content=\"+\" class=\"accordion\">\n  <div class=\"title\">Mib\u0151l k\u00e9sz\u00fcl?<\/div>\n  <div class=\"accordion-panel\">\n    <p><p>Softshell anyagb\u00f3l k\u00e9sz\u00fcl mely alkalmas csapad\u00e9kos illetve szeles napokra is.<\/p>\n<p>      <\/div>\n<\/section>\n\n<section data-content=\"+\" class=\"accordion\">\n  <div class=\"title\">C\u00e2t de gros este, materialul selectat \u0219i compozi\u021bia<\/div>\n  <div class=\"accordion-panel\">\n    <p><p>Componenta materialelor si materialele care pot fi alese:<\/p>\n<ol>\n<li><strong>Material softshell (1 + 1 straturi):<\/strong><br \/>\n&#8211; Partea din fat\u0103 \u0219i din spate din materialul ales pentru exterior \u201cS\u201d (100% poliester)<br \/>\n&#8211; Partea interiaoar\u0103 din material micropolar (100% poliester)<\/li>\n<\/ol>\n<p>\u00cen continuare cardiganele con\u021bin:<\/p>\n<p>&#8211; o etichet\u0103 interior\u0103 care poate fi t\u0103iat cu usurint\u0103<br \/>\n&#8211; fermoar<\/p>\n<p>      <\/div>\n<\/section>\n\n<section data-content=\"+\" class=\"accordion\">\n  <div class=\"title\">Informatii utile<\/div>\n  <div class=\"accordion-panel\">\n    <p><ul>\n<li>Recomandat o temperatur\u0103 de sp\u0103lare: 30-40 \u00b0C<\/li>\n<li>Recomandat o func\u021bie de stoarcere prin centrifug\u0103: 800 \u2013 1000 rot.\/min.<\/li>\n<li>Pentru c\u0103lcare cu fier de c\u0103lcat se recomand\u0103 o temperatur\u0103 de: 110 \u00b0C<\/li>\n<li>Nu recomand\u0103m folosirea ma\u0219inilor de uscat.<\/li>\n<li>S\u0103 nu folosi\u021bi produse \u00een\u0103lbitoare de concentra\u021bie mare.<\/li>\n<\/ul>\n<p>      <\/div>\n<\/section>\n    <\/div>\n<\/div>","protected":false},"excerpt":{"rendered":"<p>Softshell kardig\u00e1nunk a csapad\u00e9kos, szeles napokra, de alul \u00f6lt\u00f6z\u00e9kkel ak\u00e1r a t\u00e9li havaz\u00f3kba is alkalmas. Kapucnival, cipz\u00e1rral \u00e9s zsebekkel ell\u00e1tott. Softshell anyagunk csepp- \u00e9s sz\u00e9l\u00e1ll\u00f3.<\/p>\n","protected":false},"featured_media":7579,"comment_status":"open","ping_status":"closed","template":"","meta":{"site-sidebar-layout":"no-sidebar","site-content-layout":"plain-container","ast-site-content-layout":"normal-width-container","site-content-style":"unboxed","site-sidebar-style":"unboxed","ast-global-header-display":"","ast-banner-title-visibility":"","ast-main-header-display":"","ast-hfb-above-header-display":"","ast-hfb-below-header-display":"","ast-hfb-mobile-header-display":"","site-post-title":"disabled","ast-breadcrumbs-content":"","ast-featured-img":"disabled","footer-sml-layout":"","theme-transparent-header-meta":"","adv-header-id-meta":"","stick-header-meta":"","header-above-stick-meta":"","header-main-stick-meta":"","header-below-stick-meta":"","astra-migrate-meta-layouts":"set","ast-page-background-enabled":"default","ast-page-background-meta":{"desktop":{"background-color":"var(--ast-global-color-4)","background-image":"","background-repeat":"repeat","background-position":"center center","background-size":"auto","background-attachment":"scroll","background-type":"","background-media":"","overlay-type":"","overlay-color":"","overlay-gradient":""},"tablet":{"background-color":"","background-image":"","background-repeat":"repeat","background-position":"center center","background-size":"auto","background-attachment":"scroll","background-type":"","background-media":"","overlay-type":"","overlay-color":"","overlay-gradient":""},"mobile":{"background-color":"","background-image":"","background-repeat":"repeat","background-position":"center center","background-size":"auto","background-attachment":"scroll","background-type":"","background-media":"","overlay-type":"","overlay-color":"","overlay-gradient":""}},"ast-content-background-meta":{"desktop":{"background-color":"var(--ast-global-color-5)","background-image":"","background-repeat":"repeat","background-position":"center center","background-size":"auto","background-attachment":"scroll","background-type":"","background-media":"","overlay-type":"","overlay-color":"","overlay-gradient":""},"tablet":{"background-color":"var(--ast-global-color-5)","background-image":"","background-repeat":"repeat","background-position":"center center","background-size":"auto","background-attachment":"scroll","background-type":"","background-media":"","overlay-type":"","overlay-color":"","overlay-gradient":""},"mobile":{"background-color":"var(--ast-global-color-5)","background-image":"","background-repeat":"repeat","background-position":"center center","background-size":"auto","background-attachment":"scroll","background-type":"","background-media":"","overlay-type":"","overlay-color":"","overlay-gradient":""}}},"product_brand":[],"product_cat":[457,362,733,137,595,754],"product_tag":[373,398,364,366,372,592,367,371],"class_list":{"0":"post-5849","1":"product","2":"type-product","3":"status-publish","4":"has-post-thumbnail","6":"product_cat-kardiganok","7":"product_cat-osszes-termek","8":"product_cat-osz","9":"product_cat-ruhazat","10":"product_cat-softshell-hu","11":"product_cat-tel","12":"product_tag-2021-es-kollekcio","13":"product_tag-2022-kollekcio","14":"product_tag-mintas-anyagok","15":"product_tag-nyar","16":"product_tag-osz","17":"product_tag-softshell-hu","18":"product_tag-tavasz","19":"product_tag-tel","20":"desktop-align-left","21":"tablet-align-left","22":"mobile-align-left","24":"first","25":"instock","26":"shipping-taxable","27":"purchasable","28":"product-type-variable","29":"has-default-attributes","30":"add-to-wishlist-before_image"},"aioseo_notices":[],"_links":{"self":[{"href":"https:\/\/lilbro.ro\/hu\/wp-json\/wp\/v2\/product\/5849","targetHints":{"allow":["GET"]}}],"collection":[{"href":"https:\/\/lilbro.ro\/hu\/wp-json\/wp\/v2\/product"}],"about":[{"href":"https:\/\/lilbro.ro\/hu\/wp-json\/wp\/v2\/types\/product"}],"replies":[{"embeddable":true,"href":"https:\/\/lilbro.ro\/hu\/wp-json\/wp\/v2\/comments?post=5849"}],"wp:featuredmedia":[{"embeddable":true,"href":"https:\/\/lilbro.ro\/hu\/wp-json\/wp\/v2\/media\/7579"}],"wp:attachment":[{"href":"https:\/\/lilbro.ro\/hu\/wp-json\/wp\/v2\/media?parent=5849"}],"wp:term":[{"taxonomy":"product_brand","embeddable":true,"href":"https:\/\/lilbro.ro\/hu\/wp-json\/wp\/v2\/product_brand?post=5849"},{"taxonomy":"product_cat","embeddable":true,"href":"https:\/\/lilbro.ro\/hu\/wp-json\/wp\/v2\/product_cat?post=5849"},{"taxonomy":"product_tag","embeddable":true,"href":"https:\/\/lilbro.ro\/hu\/wp-json\/wp\/v2\/product_tag?post=5849"}],"curies":[{"name":"wp","href":"https:\/\/api.w.org\/{rel}","templated":true}]}}