{"id":5746,"date":"2021-12-01T13:59:29","date_gmt":"2021-12-01T13:59:29","guid":{"rendered":"https:\/\/lilbro.ro\/?post_type=product&#038;p=5746"},"modified":"2025-05-27T13:57:56","modified_gmt":"2025-05-27T13:57:56","slug":"hosszu-nadrag-egyszinu-anyagbol","status":"publish","type":"product","link":"https:\/\/lilbro.ro\/hu\/produs\/hosszu-nadrag-egyszinu-anyagbol\/","title":{"rendered":"Hossz\u00fa nadr\u00e1g egysz\u00edn\u0171 anyagb\u00f3l"},"content":{"rendered":"\n<p>Pelusbar\u00e1t nadr\u00e1g, buggyosabb r\u00e9sszel a fen\u00e9kn\u00e9l, extra k\u00e9nyelmes elasztikus pamutb\u00f3l.<\/p>\n\n\n\n<p>L\u00e1br\u00e9sze \u00e9s der\u00e9k r\u00e9sze illeszkedik a kicsihez, hogy az ne cs\u00fasszon se fel, se le.<\/p>\n\n\n\n<p>A l\u00e1br\u00e9sz hosszabbra van hagyva, \u00edgy egy\u00fctt n\u0151 a gyerekkel: az elej\u00e9n fel lehet t\u0171rni, majd egy id\u0151 ut\u00e1n le lehet t\u0171rni.<\/p>\n\n\n<div class=\"accordion-container\">\n    <div class=\"section\">\n        \n<section data-content=\"+\" class=\"accordion\">\n  <div class=\"title\">M\u00e9retek<\/div>\n  <div class=\"accordion-panel\">\n        <img decoding=\"async\" src=\"https:\/\/lilbro.ro\/wp-content\/uploads\/2021\/12\/hosszunadrag.jpg\" alt=\"\">   <\/div>\n<\/section>\n\n<section data-content=\"+\" class=\"accordion\">\n  <div class=\"title\">Din ce este fabricat?<\/div>\n  <div class=\"accordion-panel\">\n    <p><p>Este fabricat din bumbac elastic pentru un aspect perfect confortabil.<\/p>\n<p>      <\/div>\n<\/section>\n\n<section data-content=\"+\" class=\"accordion\">\n  <div class=\"title\">C\u00e2t de gros este, materialul selectat \u0219i compozi\u021bia<\/div>\n  <div class=\"accordion-panel\">\n    <p><p>Momentan pantaloni lungi poate fi comandat \u00een trei tipuri de grosimi:<\/p>\n<ol>\n<li>Bumbac cu polar de 2 straturi<\/li>\n<li>Bumbac simplu de 1 strat &#8211; u\u0219or sub\u021bire<\/li>\n<\/ol>\n<p>Componenta materialelor si materialele care pot fi alese:<\/p>\n<ol>\n<li><strong>Bumbac cu polar (2 straturi):<\/strong><br \/>\n&#8211; Partea din fat\u00e3 din materialul ales pentru exterior \u201cU\u201d (95% bumbac, 5% elastan)<br \/>\n&#8211; Partea interiaoar\u00e3 din materialul micropolar (100% micropoliester)<\/li>\n<li><strong>Bumbac simplu (1 straturi):<\/strong><br \/>\n&#8211; Partea din fat\u00e3 \u0219i din spate din materialul ales pentru exterior \u201cU\u201d (95% bumbac, 5% elastan)<\/li>\n<\/ol>\n<p>\u00cen continuare pantaloni lungi con\u021bin:<\/p>\n<p>&#8211; o etichet\u0103 interior\u0103 care poate fi t\u0103iat cu usurint\u0103<\/p>\n<p>      <\/div>\n<\/section>\n\n<section data-content=\"+\" class=\"accordion\">\n  <div class=\"title\">Informatii utile<\/div>\n  <div class=\"accordion-panel\">\n    <p><ul>\n<li>Recomandat o temperatur\u0103 de sp\u0103lare: 30-40 \u00b0C<\/li>\n<li>Recomandat o func\u021bie de stoarcere prin centrifug\u0103: 800 \u2013 1000 rot.\/min.<\/li>\n<li>Pentru c\u0103lcare cu fier de c\u0103lcat se recomand\u0103 o temperatur\u0103 de: 110 \u00b0C<\/li>\n<li>Nu recomand\u0103m folosirea ma\u0219inilor de uscat.<\/li>\n<li>S\u0103 nu folosi\u021bi produse \u00een\u0103lbitoare de concentra\u021bie mare.<\/li>\n<\/ul>\n<p>      <\/div>\n<\/section>\n    <\/div>\n<\/div>","protected":false},"excerpt":{"rendered":"<p>Pelusbar\u00e1t nadr\u00e1g, buggyosabb r\u00e9sszel a fen\u00e9kn\u00e9l, extra k\u00e9nyelmes elasztikus pamutb\u00f3l.<\/p>\n","protected":false},"featured_media":5130,"comment_status":"open","ping_status":"closed","template":"","meta":{"site-sidebar-layout":"default","site-content-layout":"","ast-site-content-layout":"default","site-content-style":"default","site-sidebar-style":"default","ast-global-header-display":"","ast-banner-title-visibility":"","ast-main-header-display":"","ast-hfb-above-header-display":"","ast-hfb-below-header-display":"","ast-hfb-mobile-header-display":"","site-post-title":"","ast-breadcrumbs-content":"","ast-featured-img":"","footer-sml-layout":"","theme-transparent-header-meta":"","adv-header-id-meta":"","stick-header-meta":"","header-above-stick-meta":"","header-main-stick-meta":"","header-below-stick-meta":"","astra-migrate-meta-layouts":"set","ast-page-background-enabled":"default","ast-page-background-meta":{"desktop":{"background-color":"var(--ast-global-color-4)","background-image":"","background-repeat":"repeat","background-position":"center center","background-size":"auto","background-attachment":"scroll","background-type":"","background-media":"","overlay-type":"","overlay-color":"","overlay-gradient":""},"tablet":{"background-color":"","background-image":"","background-repeat":"repeat","background-position":"center center","background-size":"auto","background-attachment":"scroll","background-type":"","background-media":"","overlay-type":"","overlay-color":"","overlay-gradient":""},"mobile":{"background-color":"","background-image":"","background-repeat":"repeat","background-position":"center center","background-size":"auto","background-attachment":"scroll","background-type":"","background-media":"","overlay-type":"","overlay-color":"","overlay-gradient":""}},"ast-content-background-meta":{"desktop":{"background-color":"var(--ast-global-color-5)","background-image":"","background-repeat":"repeat","background-position":"center center","background-size":"auto","background-attachment":"scroll","background-type":"","background-media":"","overlay-type":"","overlay-color":"","overlay-gradient":""},"tablet":{"background-color":"var(--ast-global-color-5)","background-image":"","background-repeat":"repeat","background-position":"center center","background-size":"auto","background-attachment":"scroll","background-type":"","background-media":"","overlay-type":"","overlay-color":"","overlay-gradient":""},"mobile":{"background-color":"var(--ast-global-color-5)","background-image":"","background-repeat":"repeat","background-position":"center center","background-size":"auto","background-attachment":"scroll","background-type":"","background-media":"","overlay-type":"","overlay-color":"","overlay-gradient":""}}},"product_brand":[],"product_cat":[189,362,733,137,754],"product_tag":[373,398,473,366,372,367,371],"class_list":{"0":"post-5746","1":"product","2":"type-product","3":"status-publish","4":"has-post-thumbnail","6":"product_cat-nadragok","7":"product_cat-osszes-termek","8":"product_cat-osz","9":"product_cat-ruhazat","10":"product_cat-tel","11":"product_tag-2021-es-kollekcio","12":"product_tag-2022-kollekcio","13":"product_tag-egyszinu-anyagok","14":"product_tag-nyar","15":"product_tag-osz","16":"product_tag-tavasz","17":"product_tag-tel","18":"desktop-align-left","19":"tablet-align-left","20":"mobile-align-left","22":"first","23":"instock","24":"shipping-taxable","25":"purchasable","26":"product-type-variable","27":"has-default-attributes","28":"add-to-wishlist-before_image"},"aioseo_notices":[],"_links":{"self":[{"href":"https:\/\/lilbro.ro\/hu\/wp-json\/wp\/v2\/product\/5746","targetHints":{"allow":["GET"]}}],"collection":[{"href":"https:\/\/lilbro.ro\/hu\/wp-json\/wp\/v2\/product"}],"about":[{"href":"https:\/\/lilbro.ro\/hu\/wp-json\/wp\/v2\/types\/product"}],"replies":[{"embeddable":true,"href":"https:\/\/lilbro.ro\/hu\/wp-json\/wp\/v2\/comments?post=5746"}],"wp:featuredmedia":[{"embeddable":true,"href":"https:\/\/lilbro.ro\/hu\/wp-json\/wp\/v2\/media\/5130"}],"wp:attachment":[{"href":"https:\/\/lilbro.ro\/hu\/wp-json\/wp\/v2\/media?parent=5746"}],"wp:term":[{"taxonomy":"product_brand","embeddable":true,"href":"https:\/\/lilbro.ro\/hu\/wp-json\/wp\/v2\/product_brand?post=5746"},{"taxonomy":"product_cat","embeddable":true,"href":"https:\/\/lilbro.ro\/hu\/wp-json\/wp\/v2\/product_cat?post=5746"},{"taxonomy":"product_tag","embeddable":true,"href":"https:\/\/lilbro.ro\/hu\/wp-json\/wp\/v2\/product_tag?post=5746"}],"curies":[{"name":"wp","href":"https:\/\/api.w.org\/{rel}","templated":true}]}}