{"id":5742,"date":"2021-12-01T15:22:41","date_gmt":"2021-12-01T15:22:41","guid":{"rendered":"https:\/\/lilbro.ro\/?post_type=product&#038;p=5742"},"modified":"2025-05-27T13:57:57","modified_gmt":"2025-05-27T13:57:57","slug":"fejpant-egyszinu-anyagbol","status":"publish","type":"product","link":"https:\/\/lilbro.ro\/hu\/produs\/fejpant-egyszinu-anyagbol\/","title":{"rendered":"Fejp\u00e1nt egysz\u00edn\u0171 anyagb\u00f3l"},"content":{"rendered":"\n<p>Fejp\u00e1ntocska a legcukibb kisl\u00e1nyoknak.<\/p>\n\n\n\n<p>Az elasztikus pamutnak k\u00f6sz\u00f6nhet\u0151en egy extra k\u00e9nyelmes term\u00e9k, mely enyh\u00e9n szorul a fejecsk\u00e9re \u00e9s nem cs\u00faszik le.<\/p>\n\n\n<div class=\"accordion-container\">\n    <div class=\"section\">\n        \n<section data-content=\"+\" class=\"accordion\">\n  <div class=\"title\">Mib\u0151l k\u00e9sz\u00fcl?<\/div>\n  <div class=\"accordion-panel\">\n    <p><p>Elasztikus pamutb\u00f3l k\u00e9sz\u00fcl a t\u00f6k\u00e9letes k\u00e9nyelem \u00e9rdek\u00e9ben.<\/p>\n<p>      <\/div>\n<\/section>\n\n<section data-content=\"+\" class=\"accordion\">\n  <div class=\"title\">C\u00e2t de gros este, materialul selectat \u0219i compozi\u021bia<\/div>\n  <div class=\"accordion-panel\">\n    <p><p>Componenta materialelor si materialele care pot fi alese:<\/p>\n<ol>\n<li><strong>Bumbac dublu (2 straturi):<\/strong><br \/>\n&#8211; Partea din fat\u0103 \u0219i din spate din materialul ales pentru exterior \u201cU\u201d (95% bumbac, 5% elastan)<\/li>\n<\/ol>\n<p>\u00cen continuare benti\u021bele contin:<\/p>\n<p>&#8211; o etichet\u0103 interior\u0103 care poate fi t\u0103iat cu usurint\u0103<\/p>\n<p>      <\/div>\n<\/section>\n\n<section data-content=\"+\" class=\"accordion\">\n  <div class=\"title\">Informatii utile<\/div>\n  <div class=\"accordion-panel\">\n    <p><ul>\n<li>Recomandat o temperatur\u0103 de sp\u0103lare: 30-40 \u00b0C<\/li>\n<li>Recomandat o func\u021bie de stoarcere prin centrifug\u0103: 800 \u2013 1000 rot.\/min.<\/li>\n<li>Pentru c\u0103lcare cu fier de c\u0103lcat se recomand\u0103 o temperatur\u0103 de: 110 \u00b0C<\/li>\n<li>Nu recomand\u0103m folosirea ma\u0219inilor de uscat.<\/li>\n<li>S\u0103 nu folosi\u021bi produse \u00een\u0103lbitoare de concentra\u021bie mare.<\/li>\n<\/ul>\n<p>      <\/div>\n<\/section>\n    <\/div>\n<\/div>","protected":false},"excerpt":{"rendered":"<p>Fejp\u00e1ntocska a legcukibb kisl\u00e1nyoknak.<\/p>\n","protected":false},"featured_media":5138,"comment_status":"open","ping_status":"closed","template":"","meta":{"site-sidebar-layout":"default","site-content-layout":"","ast-site-content-layout":"default","site-content-style":"default","site-sidebar-style":"default","ast-global-header-display":"","ast-banner-title-visibility":"","ast-main-header-display":"","ast-hfb-above-header-display":"","ast-hfb-below-header-display":"","ast-hfb-mobile-header-display":"","site-post-title":"","ast-breadcrumbs-content":"","ast-featured-img":"","footer-sml-layout":"","theme-transparent-header-meta":"","adv-header-id-meta":"","stick-header-meta":"","header-above-stick-meta":"","header-main-stick-meta":"","header-below-stick-meta":"","astra-migrate-meta-layouts":"set","ast-page-background-enabled":"default","ast-page-background-meta":{"desktop":{"background-color":"var(--ast-global-color-4)","background-image":"","background-repeat":"repeat","background-position":"center center","background-size":"auto","background-attachment":"scroll","background-type":"","background-media":"","overlay-type":"","overlay-color":"","overlay-gradient":""},"tablet":{"background-color":"","background-image":"","background-repeat":"repeat","background-position":"center center","background-size":"auto","background-attachment":"scroll","background-type":"","background-media":"","overlay-type":"","overlay-color":"","overlay-gradient":""},"mobile":{"background-color":"","background-image":"","background-repeat":"repeat","background-position":"center center","background-size":"auto","background-attachment":"scroll","background-type":"","background-media":"","overlay-type":"","overlay-color":"","overlay-gradient":""}},"ast-content-background-meta":{"desktop":{"background-color":"var(--ast-global-color-5)","background-image":"","background-repeat":"repeat","background-position":"center center","background-size":"auto","background-attachment":"scroll","background-type":"","background-media":"","overlay-type":"","overlay-color":"","overlay-gradient":""},"tablet":{"background-color":"var(--ast-global-color-5)","background-image":"","background-repeat":"repeat","background-position":"center center","background-size":"auto","background-attachment":"scroll","background-type":"","background-media":"","overlay-type":"","overlay-color":"","overlay-gradient":""},"mobile":{"background-color":"var(--ast-global-color-5)","background-image":"","background-repeat":"repeat","background-position":"center center","background-size":"auto","background-attachment":"scroll","background-type":"","background-media":"","overlay-type":"","overlay-color":"","overlay-gradient":""}}},"product_brand":[],"product_cat":[451,362,449],"product_tag":[373,398,473,366,372,367],"class_list":{"0":"post-5742","1":"product","2":"type-product","3":"status-publish","4":"has-post-thumbnail","6":"product_cat-fejpantok","7":"product_cat-osszes-termek","8":"product_cat-sapkak-es-kiegeszitok","9":"product_tag-2021-es-kollekcio","10":"product_tag-2022-kollekcio","11":"product_tag-egyszinu-anyagok","12":"product_tag-nyar","13":"product_tag-osz","14":"product_tag-tavasz","15":"desktop-align-left","16":"tablet-align-left","17":"mobile-align-left","19":"first","20":"instock","21":"shipping-taxable","22":"purchasable","23":"product-type-variable","24":"add-to-wishlist-before_image"},"aioseo_notices":[],"_links":{"self":[{"href":"https:\/\/lilbro.ro\/hu\/wp-json\/wp\/v2\/product\/5742","targetHints":{"allow":["GET"]}}],"collection":[{"href":"https:\/\/lilbro.ro\/hu\/wp-json\/wp\/v2\/product"}],"about":[{"href":"https:\/\/lilbro.ro\/hu\/wp-json\/wp\/v2\/types\/product"}],"replies":[{"embeddable":true,"href":"https:\/\/lilbro.ro\/hu\/wp-json\/wp\/v2\/comments?post=5742"}],"wp:featuredmedia":[{"embeddable":true,"href":"https:\/\/lilbro.ro\/hu\/wp-json\/wp\/v2\/media\/5138"}],"wp:attachment":[{"href":"https:\/\/lilbro.ro\/hu\/wp-json\/wp\/v2\/media?parent=5742"}],"wp:term":[{"taxonomy":"product_brand","embeddable":true,"href":"https:\/\/lilbro.ro\/hu\/wp-json\/wp\/v2\/product_brand?post=5742"},{"taxonomy":"product_cat","embeddable":true,"href":"https:\/\/lilbro.ro\/hu\/wp-json\/wp\/v2\/product_cat?post=5742"},{"taxonomy":"product_tag","embeddable":true,"href":"https:\/\/lilbro.ro\/hu\/wp-json\/wp\/v2\/product_tag?post=5742"}],"curies":[{"name":"wp","href":"https:\/\/api.w.org\/{rel}","templated":true}]}}