{"id":5737,"date":"2021-12-01T15:21:35","date_gmt":"2021-12-01T15:21:35","guid":{"rendered":"https:\/\/lilbro.ro\/?post_type=product&#038;p=5737"},"modified":"2025-12-04T11:00:37","modified_gmt":"2025-12-04T11:00:37","slug":"kendo-mintas-anyagbol","status":"publish","type":"product","link":"https:\/\/lilbro.ro\/hu\/produs\/kendo-mintas-anyagbol\/","title":{"rendered":"Kend\u0151 mint\u00e1s anyagb\u00f3l"},"content":{"rendered":"\n<p>A (ny\u00e1l) kend\u0151 egyben h\u00e1romsz\u00f6g\u0171 s\u00e1l is, mely az extra k\u00e9nyelmes elasztikus pamutb\u00f3l k\u00e9sz\u00fcl.<\/p>\n\n\n\n<p>Ny\u00e1lkend\u0151, de ugyanakkor egy st\u00edlusos s\u00e1lk\u00e9nt is haszn\u00e1lhat\u00f3.<\/p>\n\n\n\n<p>K\u00e9t v\u00e1laszthat\u00f3 vastags\u00e1gnak k\u00f6sz\u00f6nhet\u0151en a pol\u00e1ros haszn\u00e1lhat\u00f3 t\u00e9len is, m\u00edg a dupla pamut kiszolg\u00e1lja a gyereket teljes \u00e9vben.<\/p>\n\n\n\n<p>A kend\u0151 m\u00e9rete \u00e1ll\u00edthat\u00f3 a k\u00e9t darab f\u00e9m patentnek k\u00f6sz\u00f6nhet\u0151en.<\/p>\n\n\n<div class=\"accordion-container\">\n    <div class=\"section\">\n        \n<section data-content=\"+\" class=\"accordion\">\n  <div class=\"title\">Mib\u0151l k\u00e9sz\u00fcl?<\/div>\n  <div class=\"accordion-panel\">\n    <p><p>Elasztikus pamutb\u00f3l k\u00e9sz\u00fcl a t\u00f6k\u00e9letes k\u00e9nyelem \u00e9rdek\u00e9ben.<\/p>\n<p>      <\/div>\n<\/section>\n\n<section data-content=\"+\" class=\"accordion\">\n  <div class=\"title\">Milyen vastag, a v\u00e1lasztott anyagminta \u00e9s a kompoz\u00edci\u00f3<\/div>\n  <div class=\"accordion-panel\">\n    <p><p>Jelenleg h\u00e1rom vastags\u00e1gban rendelhet\u0151ek:<\/p>\n<ol>\n<li>K\u00e9tr\u00e9teg\u0171 pol\u00e1r bels\u0151vel<\/li>\n<li>K\u00e9tr\u00e9teg\u0171 dupla pamut<\/li>\n<li>Egy r\u00e9teg\u0171 pamut &#8211; enyh\u00e9n v\u00e9kony<\/li>\n<\/ol>\n<p><strong>Az anyag kompoz\u00edci\u00f3ja \u00e9s a v\u00e1lasztott anyagmint\u00e1k:<\/strong><\/p>\n<ol>\n<li><strong>K\u00e9tr\u00e9teg\u0171 pol\u00e1rral TOG 2.5:<\/strong><br \/>\n&#8211; K\u00fcls\u0151 r\u00e9sze a v\u00e1lasztott \u201cM\u201d k\u00fcls\u0151 anyagmint\u00e1b\u00f3l (95% pamut, 5% elaszt\u00e1n)<br \/>\n&#8211; A bels\u0151 r\u00e9teg mikropol\u00e1r, enyh\u00e9n vastagabb (100% mikropoli\u00e9szter)<\/li>\n<li><strong>Dupla pamut TOG 1.0:<\/strong><br \/>\n&#8211; K\u00fcls\u0151 r\u00e9sze a v\u00e1lasztott \u201cM\u201d k\u00fcls\u0151 anyagmint\u00e1b\u00f3l (95% pamut, 5% elaszt\u00e1n)<br \/>\n&#8211; A bels\u0151 r\u00e9sze egy hozz\u00e1 ill\u0151 elasztikus &#8222;egysz\u00edn\u0171&#8221; pamut (95% pamut, 5% elaszt\u00e1n)<\/li>\n<li><strong>Egyr\u00e9teg\u0171 pamut TOG 0.5:<\/strong><br \/>\n&#8211; K\u00fcls\u0151 r\u00e9sze a v\u00e1lasztott \u201cM\u201d k\u00fcls\u0151 anyagmint\u00e1b\u00f3l (95% pamut, 5% elaszt\u00e1n)<\/li>\n<\/ol>\n<p>Tov\u00e1bb\u00e1 tartalmaznak:<\/p>\n<p>&#8211; egy bels\u0151 c\u00edmke ami k\u00f6nnyed\u00e9n lev\u00e1ghat\u00f3<\/p>\n<p>      <\/div>\n<\/section>\n\n<section data-content=\"+\" class=\"accordion\">\n  <div class=\"title\">Fontos inform\u00e1ci\u00f3k<\/div>\n  <div class=\"accordion-panel\">\n    <p><ul>\n<li>Aj\u00e1nlott mos\u00e1si fok: 30\u00a0&#8211; 40\u00a0\u00b0C<\/li>\n<li>Aj\u00e1nlott mos\u00f3g\u00e9p centrifuga: 800 &#8211; 1000 fordulat \/ perc<\/li>\n<li>Aj\u00e1nlott vasal\u00e1si fok: 110\u00a0\u00b0C<\/li>\n<li>A sz\u00e1r\u00edt\u00f3g\u00e9p haszn\u00e1lat\u00e1t nem aj\u00e1nljuk.<\/li>\n<li>Ne haszn\u00e1ljon er\u0151s feh\u00e9r\u00edt\u0151t<\/li>\n<\/ul>\n<p>      <\/div>\n<\/section>\n    <\/div>\n<\/div>","protected":false},"excerpt":{"rendered":"<p>Ny\u00e1lkend\u0151, de ugyanakkor egy st\u00edlusos s\u00e1lk\u00e9nt is haszn\u00e1lhat\u00f3.<\/p>\n","protected":false},"featured_media":5054,"comment_status":"open","ping_status":"closed","template":"","meta":{"site-sidebar-layout":"no-sidebar","site-content-layout":"plain-container","ast-site-content-layout":"normal-width-container","site-content-style":"unboxed","site-sidebar-style":"unboxed","ast-global-header-display":"","ast-banner-title-visibility":"","ast-main-header-display":"","ast-hfb-above-header-display":"","ast-hfb-below-header-display":"","ast-hfb-mobile-header-display":"","site-post-title":"disabled","ast-breadcrumbs-content":"","ast-featured-img":"disabled","footer-sml-layout":"","theme-transparent-header-meta":"","adv-header-id-meta":"","stick-header-meta":"","header-above-stick-meta":"","header-main-stick-meta":"","header-below-stick-meta":"","astra-migrate-meta-layouts":"set","ast-page-background-enabled":"default","ast-page-background-meta":{"desktop":{"background-color":"var(--ast-global-color-4)","background-image":"","background-repeat":"repeat","background-position":"center center","background-size":"auto","background-attachment":"scroll","background-type":"","background-media":"","overlay-type":"","overlay-color":"","overlay-gradient":""},"tablet":{"background-color":"","background-image":"","background-repeat":"repeat","background-position":"center center","background-size":"auto","background-attachment":"scroll","background-type":"","background-media":"","overlay-type":"","overlay-color":"","overlay-gradient":""},"mobile":{"background-color":"","background-image":"","background-repeat":"repeat","background-position":"center center","background-size":"auto","background-attachment":"scroll","background-type":"","background-media":"","overlay-type":"","overlay-color":"","overlay-gradient":""}},"ast-content-background-meta":{"desktop":{"background-color":"var(--ast-global-color-5)","background-image":"","background-repeat":"repeat","background-position":"center center","background-size":"auto","background-attachment":"scroll","background-type":"","background-media":"","overlay-type":"","overlay-color":"","overlay-gradient":""},"tablet":{"background-color":"var(--ast-global-color-5)","background-image":"","background-repeat":"repeat","background-position":"center center","background-size":"auto","background-attachment":"scroll","background-type":"","background-media":"","overlay-type":"","overlay-color":"","overlay-gradient":""},"mobile":{"background-color":"var(--ast-global-color-5)","background-image":"","background-repeat":"repeat","background-position":"center center","background-size":"auto","background-attachment":"scroll","background-type":"","background-media":"","overlay-type":"","overlay-color":"","overlay-gradient":""}}},"product_brand":[],"product_cat":[450,362,449],"product_tag":[373,398,364,366,372,367,371],"class_list":{"0":"post-5737","1":"product","2":"type-product","3":"status-publish","4":"has-post-thumbnail","6":"product_cat-kendok","7":"product_cat-osszes-termek","8":"product_cat-sapkak-es-kiegeszitok","9":"product_tag-2021-es-kollekcio","10":"product_tag-2022-kollekcio","11":"product_tag-mintas-anyagok","12":"product_tag-nyar","13":"product_tag-osz","14":"product_tag-tavasz","15":"product_tag-tel","16":"desktop-align-left","17":"tablet-align-left","18":"mobile-align-left","20":"first","21":"instock","22":"shipping-taxable","23":"purchasable","24":"product-type-variable","25":"add-to-wishlist-before_image"},"aioseo_notices":[],"_links":{"self":[{"href":"https:\/\/lilbro.ro\/hu\/wp-json\/wp\/v2\/product\/5737","targetHints":{"allow":["GET"]}}],"collection":[{"href":"https:\/\/lilbro.ro\/hu\/wp-json\/wp\/v2\/product"}],"about":[{"href":"https:\/\/lilbro.ro\/hu\/wp-json\/wp\/v2\/types\/product"}],"replies":[{"embeddable":true,"href":"https:\/\/lilbro.ro\/hu\/wp-json\/wp\/v2\/comments?post=5737"}],"wp:featuredmedia":[{"embeddable":true,"href":"https:\/\/lilbro.ro\/hu\/wp-json\/wp\/v2\/media\/5054"}],"wp:attachment":[{"href":"https:\/\/lilbro.ro\/hu\/wp-json\/wp\/v2\/media?parent=5737"}],"wp:term":[{"taxonomy":"product_brand","embeddable":true,"href":"https:\/\/lilbro.ro\/hu\/wp-json\/wp\/v2\/product_brand?post=5737"},{"taxonomy":"product_cat","embeddable":true,"href":"https:\/\/lilbro.ro\/hu\/wp-json\/wp\/v2\/product_cat?post=5737"},{"taxonomy":"product_tag","embeddable":true,"href":"https:\/\/lilbro.ro\/hu\/wp-json\/wp\/v2\/product_tag?post=5737"}],"curies":[{"name":"wp","href":"https:\/\/api.w.org\/{rel}","templated":true}]}}