{"id":5705,"date":"2021-12-01T14:29:38","date_gmt":"2021-12-01T14:29:38","guid":{"rendered":"https:\/\/lilbro.ro\/?post_type=product&#038;p=5705"},"modified":"2025-05-27T13:58:02","modified_gmt":"2025-05-27T13:58:02","slug":"salopeta-din-bumbac-unicolor","status":"publish","type":"product","link":"https:\/\/lilbro.ro\/hu\/produs\/salopeta-din-bumbac-unicolor\/","title":{"rendered":"Rugdal\u00f3z\u00f3 egysz\u00edn\u0171 anyagb\u00f3l"},"content":{"rendered":"\n<p>A kisl\u00e1ny rugdal\u00f3z\u00f3 a v\u00e1ll r\u00e9szn\u00e9l kis k\u00f6t\u0151vel, m\u00edg a kifi\u00fak r\u00e9sz\u00e9re f\u00e9m patenttel k\u00e9sz\u00fclnek, ahogy az a f\u00e9nyk\u00e9peken is l\u00e1tszik.<\/p>\n\n\n\n<p>Eleg\u00e1ns kis darab, mely haszn\u00e1lhat\u00f3 alul \u00f6lt\u00f6z\u00e9knek is, viszont nem egy standard body. St\u00edlusa \u00e9s anyagmint\u00e1inak k\u00f6sz\u00f6nhet\u0151en alkalmi ruh\u00e1cskak\u00e9nt is haszn\u00e1lhat\u00f3.<\/p>\n\n\n\n<p>Buggyos, lezser szab\u00e1s\u00e1nak, \u00e9s az elasztikus pamutnak k\u00f6sz\u00f6nhet\u0151en egy extra k\u00e9nyelmes term\u00e9k.<\/p>\n\n\n<div class=\"accordion-container\">\n    <div class=\"section\">\n        \n<section data-content=\"+\" class=\"accordion\">\n  <div class=\"title\">M\u00e9retek<\/div>\n  <div class=\"accordion-panel\">\n        <img decoding=\"async\" src=\"https:\/\/lilbro.ro\/wp-content\/uploads\/2021\/12\/Rugdalozo.jpg\" alt=\"\">   <\/div>\n<\/section>\n\n<section data-content=\"+\" class=\"accordion\">\n  <div class=\"title\">Mib\u0151l k\u00e9sz\u00fcl?<\/div>\n  <div class=\"accordion-panel\">\n    <p><p>Elasztikus pamutb\u00f3l k\u00e9sz\u00fcl a t\u00f6k\u00e9letes k\u00e9nyelem \u00e9rdek\u00e9ben.<\/p>\n<p>      <\/div>\n<\/section>\n\n<section data-content=\"+\" class=\"accordion\">\n  <div class=\"title\">Milyen vastag, a v\u00e1lasztott anyagminta \u00e9s a kompoz\u00edci\u00f3<\/div>\n  <div class=\"accordion-panel\">\n    <p><p>Az anyag kompoz\u00edci\u00f3ja \u00e9s a v\u00e1laszthat\u00f3 minta:<\/p>\n<p>Componenta materialelor si materialele care pot fi alese:<\/p>\n<ol>\n<li><strong>Elasztikus pamut (1 r\u00e9teg):<\/strong><br \/>\n&#8211; Az eleje \u00e9s a h\u00e1ta a v\u00e1lasztott &#8222;M&#8221; k\u00fcls\u0151 anyagmint\u00e1b\u00f3l (95% pamut, 5% elaszt\u00e1n)<\/li>\n<\/ol>\n<p>A rugdal\u00f3z\u00f3 tartalmaz:<\/p>\n<p>&#8211; egy bels\u0151 c\u00edmke ami k\u00f6nnyed\u00e9n lev\u00e1ghat\u00f3<\/p>\n<p>      <\/div>\n<\/section>\n\n<section data-content=\"+\" class=\"accordion\">\n  <div class=\"title\">Fontos inform\u00e1ci\u00f3k<\/div>\n  <div class=\"accordion-panel\">\n    <p><ul>\n<li>Aj\u00e1nlott mos\u00e1si fok: 30\u00a0&#8211; 40\u00a0\u00b0C<\/li>\n<li>Aj\u00e1nlott mos\u00f3g\u00e9p centrifuga: 800 &#8211; 1000 fordulat \/ perc<\/li>\n<li>Aj\u00e1nlott vasal\u00e1si fok: 110\u00a0\u00b0C<\/li>\n<li>A sz\u00e1r\u00edt\u00f3g\u00e9p haszn\u00e1lat\u00e1t nem aj\u00e1nljuk.<\/li>\n<li>Ne haszn\u00e1ljon er\u0151s feh\u00e9r\u00edt\u0151t<\/li>\n<\/ul>\n<p>      <\/div>\n<\/section>\n    <\/div>\n<\/div>","protected":false},"excerpt":{"rendered":"<p>A kisl\u00e1ny rugdal\u00f3z\u00f3 a v\u00e1ll r\u00e9szn\u00e9l kis k\u00f6t\u0151vel, m\u00edg a kifi\u00fak r\u00e9sz\u00e9re f\u00e9m patenttel k\u00e9sz\u00fclnek, ahogy az a f\u00e9nyk\u00e9peken is l\u00e1tszik.<\/p>\n","protected":false},"featured_media":5027,"comment_status":"open","ping_status":"closed","template":"","meta":{"site-sidebar-layout":"default","site-content-layout":"","ast-site-content-layout":"default","site-content-style":"default","site-sidebar-style":"default","ast-global-header-display":"","ast-banner-title-visibility":"","ast-main-header-display":"","ast-hfb-above-header-display":"","ast-hfb-below-header-display":"","ast-hfb-mobile-header-display":"","site-post-title":"","ast-breadcrumbs-content":"","ast-featured-img":"","footer-sml-layout":"","theme-transparent-header-meta":"","adv-header-id-meta":"","stick-header-meta":"","header-above-stick-meta":"","header-main-stick-meta":"","header-below-stick-meta":"","astra-migrate-meta-layouts":"set","ast-page-background-enabled":"default","ast-page-background-meta":{"desktop":{"background-color":"var(--ast-global-color-4)","background-image":"","background-repeat":"repeat","background-position":"center center","background-size":"auto","background-attachment":"scroll","background-type":"","background-media":"","overlay-type":"","overlay-color":"","overlay-gradient":""},"tablet":{"background-color":"","background-image":"","background-repeat":"repeat","background-position":"center center","background-size":"auto","background-attachment":"scroll","background-type":"","background-media":"","overlay-type":"","overlay-color":"","overlay-gradient":""},"mobile":{"background-color":"","background-image":"","background-repeat":"repeat","background-position":"center center","background-size":"auto","background-attachment":"scroll","background-type":"","background-media":"","overlay-type":"","overlay-color":"","overlay-gradient":""}},"ast-content-background-meta":{"desktop":{"background-color":"var(--ast-global-color-5)","background-image":"","background-repeat":"repeat","background-position":"center center","background-size":"auto","background-attachment":"scroll","background-type":"","background-media":"","overlay-type":"","overlay-color":"","overlay-gradient":""},"tablet":{"background-color":"var(--ast-global-color-5)","background-image":"","background-repeat":"repeat","background-position":"center center","background-size":"auto","background-attachment":"scroll","background-type":"","background-media":"","overlay-type":"","overlay-color":"","overlay-gradient":""},"mobile":{"background-color":"var(--ast-global-color-5)","background-image":"","background-repeat":"repeat","background-position":"center center","background-size":"auto","background-attachment":"scroll","background-type":"","background-media":"","overlay-type":"","overlay-color":"","overlay-gradient":""}}},"product_brand":[],"product_cat":[560,596,362,463,137],"product_tag":[373,398,473,366,372,367,371],"class_list":{"0":"post-5705","1":"product","2":"type-product","3":"status-publish","4":"has-post-thumbnail","6":"product_cat-body-hu","7":"product_cat-nyar","8":"product_cat-osszes-termek","9":"product_cat-rugdalozok","10":"product_cat-ruhazat","11":"product_tag-2021-es-kollekcio","12":"product_tag-2022-kollekcio","13":"product_tag-egyszinu-anyagok","14":"product_tag-nyar","15":"product_tag-osz","16":"product_tag-tavasz","17":"product_tag-tel","18":"desktop-align-left","19":"tablet-align-left","20":"mobile-align-left","22":"first","23":"instock","24":"shipping-taxable","25":"purchasable","26":"product-type-variable","27":"has-default-attributes","28":"add-to-wishlist-before_image"},"aioseo_notices":[],"_links":{"self":[{"href":"https:\/\/lilbro.ro\/hu\/wp-json\/wp\/v2\/product\/5705","targetHints":{"allow":["GET"]}}],"collection":[{"href":"https:\/\/lilbro.ro\/hu\/wp-json\/wp\/v2\/product"}],"about":[{"href":"https:\/\/lilbro.ro\/hu\/wp-json\/wp\/v2\/types\/product"}],"replies":[{"embeddable":true,"href":"https:\/\/lilbro.ro\/hu\/wp-json\/wp\/v2\/comments?post=5705"}],"wp:featuredmedia":[{"embeddable":true,"href":"https:\/\/lilbro.ro\/hu\/wp-json\/wp\/v2\/media\/5027"}],"wp:attachment":[{"href":"https:\/\/lilbro.ro\/hu\/wp-json\/wp\/v2\/media?parent=5705"}],"wp:term":[{"taxonomy":"product_brand","embeddable":true,"href":"https:\/\/lilbro.ro\/hu\/wp-json\/wp\/v2\/product_brand?post=5705"},{"taxonomy":"product_cat","embeddable":true,"href":"https:\/\/lilbro.ro\/hu\/wp-json\/wp\/v2\/product_cat?post=5705"},{"taxonomy":"product_tag","embeddable":true,"href":"https:\/\/lilbro.ro\/hu\/wp-json\/wp\/v2\/product_tag?post=5705"}],"curies":[{"name":"wp","href":"https:\/\/api.w.org\/{rel}","templated":true}]}}