{"id":5656,"date":"2021-12-08T12:30:11","date_gmt":"2021-12-08T12:30:11","guid":{"rendered":"https:\/\/lilbro.ro\/?post_type=product&#038;p=5656"},"modified":"2026-02-05T07:59:22","modified_gmt":"2026-02-05T07:59:22","slug":"kamaslis-tipegos-halozsak","status":"publish","type":"product","link":"https:\/\/lilbro.ro\/hu\/produs\/kamaslis-tipegos-halozsak\/","title":{"rendered":"Kam\u00e1slis tipeg\u0151 h\u00e1l\u00f3zs\u00e1k"},"content":{"rendered":"\n<p>Sokak kedvence, a nyugodt \u00e9jszak\u00e1k legnagyobb bar\u00e1tja, a megf\u00e1z\u00e1s k\u00f6zismert ellens\u00e9ge, a kam\u00e1slis tipeg\u0151 h\u00e1l\u00f3zs\u00e1k.<\/p>\n\n\n\n<p><strong>Mire is j\u00f3 pontosan?<\/strong><\/p>\n\n\n\n<ul class=\"wp-block-list\">\n<li>A tipeg\u0151 h\u00e1l\u00f3zs\u00e1k legfontosabb funkci\u00f3ja, hogy <strong>pizsama, takar\u00f3, zokni, illetve esti \u00e9s reggeli j\u00e1tsz\u00f3ruha egyben.<\/strong><\/li>\n\n\n\n<li>A tipeg\u0151 h\u00e1l\u00f3zs\u00e1kb\u00f3l \u00e9jszaka nem tud kitakar\u00f3zni, \u00edgy meg\u00f3vja gyerek\u00fcnket a megf\u00e1z\u00e1st\u00f3l.<\/li>\n\n\n\n<li>A tipeg\u0151 nagy, buggyos m\u00e9rete \u00e9s az elasztikus pamuthaszn\u00e1lat \u00e1ltal a t\u00f6k\u00e9letes k\u00e9nyelem \u00e9s a szabad mozg\u00e1s garant\u00e1lt.<\/li>\n\n\n\n<li>V\u00e1ll \u00e9s cipz\u00e1r: A hossz\u00fa, l\u00e1big le\u00e9r\u0151 cipz\u00e1r \u00e9s a patentos v\u00e1llr\u00e9sznek k\u00f6sz\u00f6nhet\u0151en a tipeg\u0151be \u00f6lt\u00f6z\u00e9s \u00e9s a tiszt\u00e1ba rak\u00e1s gyerekj\u00e1t\u00e9k<\/li>\n\n\n\n<li>Kam\u00e1sli: A kam\u00e1sli, az \u00faj var\u00e1zs-zokni.<\/li>\n<\/ul>\n\n\n\n<p>\u2026\u00e9s m\u00e9g nem is besz\u00e9lt\u00fcnk az Anyuk\u00e1kr\u00f3l, kik biztos nyugodtabbak lesznek, ha a gyerk\u0151c reggelente nem mez\u00edtl\u00e1b futkos a hideg padl\u00f3n.<\/p>\n\n\n\n<p><strong>Hogyan m\u0171k\u00f6dik a kam\u00e1sli?<\/strong><\/p>\n\n\n\n<p>A tipeg\u0151 kam\u00e1sli r\u00e9sze kedv szerint le \u00e9s fel t\u0171rhet\u0151, \u00edgy h\u0171v\u00f6sebb \u00e9jszak\u00e1kon megv\u00e9di a l\u00e1bik\u00f3t, de azok a gyerekek sz\u00e1m\u00e1ra is t\u00f6k\u00e9letes, akik szeretik, ha \u00e9jszaka szabadon van a k\u00e9t \u00f6r\u00f6kmozg\u00f3 l\u00e1b.<br>Nem besz\u00e9lve arr\u00f3l, hogy melyik Anyuka ne lenne nyugodtabb, ha reggeli j\u00e1t\u00e9k mellett nem mez\u00edtl\u00e1b rohan k\u00f6rbe a gyerk\u0151c a h\u0171v\u00f6s padl\u00f3n vagy f\u00fcrd\u0151szobacsemp\u00e9n.<\/p>\n\n\n\n<p><strong>A gyerek magass\u00e1ga<\/strong><\/p>\n\n\n\n<p>Rendel\u00e9sn\u00e9l aj\u00e1nljuk kit\u00f6lteni a &#8222;Gyerek magass\u00e1ga&#8221; r\u00e9szt, hogy ez \u00e1ltal ellen\u0151rizni tudjuk, melyik m\u00e9ret lenne sz\u00e1m\u00e1ra a legmegfelel\u0151bb.<\/p>\n\n\n<div class=\"accordion-container\">\n    <div class=\"section\">\n        \n<section data-content=\"+\" class=\"accordion\">\n  <div class=\"title\">M\u00e9retek<\/div>\n  <div class=\"accordion-panel\">\n        <img decoding=\"async\" src=\"https:\/\/lilbro.ro\/wp-content\/uploads\/2021\/12\/tipegoemag.jpg\" alt=\"\">   <\/div>\n<\/section>\n\n<section data-content=\"+\" class=\"accordion\">\n  <div class=\"title\">Mib\u0151l k\u00e9sz\u00fcl?<\/div>\n  <div class=\"accordion-panel\">\n    <p><p>Elasztikus pamutb\u00f3l k\u00e9sz\u00fcl a t\u00f6k\u00e9letes k\u00e9nyelem \u00e9rdek\u00e9ben. Bizonyos vastags\u00e1gok \u00e9s t\u00edpusokhoz p\u00e1rosul micro pol\u00e1r is.<\/p>\n<p>      <\/div>\n<\/section>\n\n<section data-content=\"+\" class=\"accordion\">\n  <div class=\"title\">Milyen vastag, a v\u00e1lasztott anyagminta \u00e9s az anyagkompoz\u00edci\u00f3<\/div>\n  <div class=\"accordion-panel\">\n    <p><p>A kam\u00e1slis tipeg\u0151 h\u00e1l\u00f3zs\u00e1k jelenleg 4 t\u00edpusban \u00e9s vastags\u00e1gban rendelhet\u0151:<\/p>\n<ol>\n<li>K\u00e9tr\u00e9teg\u0171 &#8211; pamut \u00e9s pol\u00e1r p\u00e1ros\u00edt\u00e1s &#8211; TOG 2.5<\/li>\n<li>K\u00e9tr\u00e9teg\u0171 dupla pamut &#8211; enyh\u00e9n v\u00e9kony &#8211; TOG 1.0<\/li>\n<li>H\u00e1romr\u00e9teg\u0171 &#8211; k\u00e9tr\u00e9teg\u0171 pamut, k\u00f6z\u00f6tte micro pol\u00e1r &#8211; enyh\u00e9n vastag TOG 2.5<\/li>\n<li>Egyr\u00e9teg\u0171 ny\u00e1ri: Ennek rendel\u00e9s\u00e9hez klikk IDE.<\/li>\n<\/ol>\n<p><strong>Az anyag kompoz\u00edci\u00f3ja \u00e9s a v\u00e1lasztott anyagmint\u00e1k:<\/strong><\/p>\n<ol>\n<li><strong>Pamut pol\u00e1rral (2 r\u00e9teg\u0171):<\/strong><br \/>\n&#8211; Eleje a v\u00e1lasztott &#8222;M&#8221; k\u00fcls\u0151 anyagmint\u00e1b\u00f3l (95% pamut, 5% elaszt\u00e1n)<br \/>\n&#8211; Bels\u0151 anyaga micro pol\u00e1r (100% poli\u00e9szter)<br \/>\n&#8211; H\u00e1ta a v\u00e1lasztott &#8222;U&#8221; k\u00fcls\u0151 anyagmint\u00e1b\u00f3l (95% pamut, 5% elaszt\u00e1n)<br \/>\n&#8211; L\u00e1br\u00e9sz a v\u00e1lasztott &#8222;U&#8221; k\u00fcls\u0151 anyagmint\u00e1b\u00f3l (95% pamut, 5% elaszt\u00e1n)<\/li>\n<li><strong>Bumbac dublu (2 straturi):<\/strong><br \/>\n&#8211; Eleje \u00e9s h\u00e1ta a v\u00e1lasztott &#8222;M&#8221; k\u00fcls\u0151 anyagmint\u00e1b\u00f3l (95% pamut, 5% elaszt\u00e1n)<br \/>\n&#8211; Bels\u0151 a v\u00e1lasztott &#8222;U&#8221; k\u00fcls\u0151 anyagmint\u00e1b\u00f3l (95% pamut, 5% elaszt\u00e1n)<br \/>\n&#8211; L\u00e1br\u00e9sz a v\u00e1lasztott &#8222;U&#8221; k\u00fcls\u0151 anyagmint\u00e1b\u00f3l (95% pamut, 5% elaszt\u00e1n)<\/li>\n<li><strong>Bumbac dublu cu polar (3 straturi):<\/strong><br \/>\n&#8211; Eleje \u00e9s h\u00e1ta a v\u00e1lasztott &#8222;M&#8221; k\u00fcls\u0151 anyagmint\u00e1b\u00f3l (95% pamut, 5% elaszt\u00e1n)<br \/>\n&#8211; Bels\u0151 a v\u00e1lasztott &#8222;U&#8221; k\u00fcls\u0151 anyagmint\u00e1b\u00f3l (95% pamut, 5% elaszt\u00e1n) + a kett\u0151 k\u00f6zt egy mikr\u00f3 pol\u00e1r r\u00e9teg ami nem l\u00e1tszik (100% poli\u00e9szter)<br \/>\n&#8211; L\u00e1br\u00e9sz a v\u00e1lasztott &#8222;U&#8221; k\u00fcls\u0151 anyagmint\u00e1b\u00f3l (95% pamut, 5% elaszt\u00e1n)<\/li>\n<li><strong>Summer (1 strat)<\/strong>:<br \/>\n&#8211; 1 r\u00e9teg v\u00e1lasztott szteppelt pamut (100% pamut)<br \/>\nRendel\u00e9shez klikk IDE.<\/li>\n<\/ol>\n<p><strong>A kam\u00e1slis tipeg\u0151 h\u00e1l\u00f3zs\u00e1kot tartalmaznak:<\/strong><\/p>\n<p>&#8211; 1 drb. f\u00e9m \u00e9s m\u0171anyag cipz\u00e1r<br \/>\n&#8211; 4 drb. f\u00e9m patent<br \/>\n&#8211; 1 k\u00f6nnyen lev\u00e1ghat\u00f3 bels\u0151 c\u00edmke<\/p>\n<p>      <\/div>\n<\/section>\n\n<section data-content=\"+\" class=\"accordion\">\n  <div class=\"title\">Fontos tudnival\u00f3k<\/div>\n  <div class=\"accordion-panel\">\n    <p><ul>\n<li>Recomandat o temperatur\u0103 de sp\u0103lare: 30-40 \u00b0C<\/li>\n<li>Recomandat o func\u021bie de stoarcere prin centrifug\u0103: 800 \u2013 1000 rot.\/min.<\/li>\n<li>Pentru c\u0103lcare cu fier de c\u0103lcat se recomand\u0103 o temperatur\u0103 de: 110 \u00b0C<\/li>\n<li>Nu recomand\u0103m folosirea ma\u0219inilor de uscat.<\/li>\n<li>S\u0103 nu folosi\u021bi produse \u00een\u0103lbitoare de concentra\u021bie mare.<\/li>\n<\/ul>\n<p>      <\/div>\n<\/section>\n\n\n<p><\/p>\n\n    <\/div>\n<\/div>","protected":false},"excerpt":{"rendered":"<p>Sokak kedvence, a nyugodt \u00e9jszak\u00e1k legnagyobb bar\u00e1tja, a megf\u00e1z\u00e1s k\u00f6zismert ellens\u00e9ge, a kam\u00e1slis tipeg\u0151 h\u00e1l\u00f3zs\u00e1k.<\/p>\n","protected":false},"featured_media":10019,"comment_status":"open","ping_status":"closed","template":"","meta":{"site-sidebar-layout":"no-sidebar","site-content-layout":"plain-container","ast-site-content-layout":"normal-width-container","site-content-style":"unboxed","site-sidebar-style":"unboxed","ast-global-header-display":"","ast-banner-title-visibility":"","ast-main-header-display":"","ast-hfb-above-header-display":"","ast-hfb-below-header-display":"","ast-hfb-mobile-header-display":"","site-post-title":"disabled","ast-breadcrumbs-content":"","ast-featured-img":"disabled","footer-sml-layout":"","theme-transparent-header-meta":"","adv-header-id-meta":"","stick-header-meta":"","header-above-stick-meta":"","header-main-stick-meta":"","header-below-stick-meta":"","astra-migrate-meta-layouts":"set","ast-page-background-enabled":"default","ast-page-background-meta":{"desktop":{"background-color":"var(--ast-global-color-4)","background-image":"","background-repeat":"repeat","background-position":"center center","background-size":"auto","background-attachment":"scroll","background-type":"","background-media":"","overlay-type":"","overlay-color":"","overlay-gradient":""},"tablet":{"background-color":"","background-image":"","background-repeat":"repeat","background-position":"center center","background-size":"auto","background-attachment":"scroll","background-type":"","background-media":"","overlay-type":"","overlay-color":"","overlay-gradient":""},"mobile":{"background-color":"","background-image":"","background-repeat":"repeat","background-position":"center center","background-size":"auto","background-attachment":"scroll","background-type":"","background-media":"","overlay-type":"","overlay-color":"","overlay-gradient":""}},"ast-content-background-meta":{"desktop":{"background-color":"var(--ast-global-color-5)","background-image":"","background-repeat":"repeat","background-position":"center center","background-size":"auto","background-attachment":"scroll","background-type":"","background-media":"","overlay-type":"","overlay-color":"","overlay-gradient":""},"tablet":{"background-color":"var(--ast-global-color-5)","background-image":"","background-repeat":"repeat","background-position":"center center","background-size":"auto","background-attachment":"scroll","background-type":"","background-media":"","overlay-type":"","overlay-color":"","overlay-gradient":""},"mobile":{"background-color":"var(--ast-global-color-5)","background-image":"","background-repeat":"repeat","background-position":"center center","background-size":"auto","background-attachment":"scroll","background-type":"","background-media":"","overlay-type":"","overlay-color":"","overlay-gradient":""}}},"product_brand":[],"product_cat":[370,596,362,733,754,365],"product_tag":[364,366,372,367,371],"class_list":{"0":"post-5656","1":"product","2":"type-product","3":"status-publish","4":"has-post-thumbnail","6":"product_cat-kamaslis-tipego-halozsak","7":"product_cat-nyar","8":"product_cat-osszes-termek","9":"product_cat-osz","10":"product_cat-tel","11":"product_cat-tipego-halozsakok","12":"product_tag-mintas-anyagok","13":"product_tag-nyar","14":"product_tag-osz","15":"product_tag-tavasz","16":"product_tag-tel","17":"desktop-align-left","18":"tablet-align-left","19":"mobile-align-left","21":"first","22":"instock","23":"shipping-taxable","24":"purchasable","25":"product-type-variable","26":"add-to-wishlist-before_image"},"aioseo_notices":[],"_links":{"self":[{"href":"https:\/\/lilbro.ro\/hu\/wp-json\/wp\/v2\/product\/5656","targetHints":{"allow":["GET"]}}],"collection":[{"href":"https:\/\/lilbro.ro\/hu\/wp-json\/wp\/v2\/product"}],"about":[{"href":"https:\/\/lilbro.ro\/hu\/wp-json\/wp\/v2\/types\/product"}],"replies":[{"embeddable":true,"href":"https:\/\/lilbro.ro\/hu\/wp-json\/wp\/v2\/comments?post=5656"}],"wp:featuredmedia":[{"embeddable":true,"href":"https:\/\/lilbro.ro\/hu\/wp-json\/wp\/v2\/media\/10019"}],"wp:attachment":[{"href":"https:\/\/lilbro.ro\/hu\/wp-json\/wp\/v2\/media?parent=5656"}],"wp:term":[{"taxonomy":"product_brand","embeddable":true,"href":"https:\/\/lilbro.ro\/hu\/wp-json\/wp\/v2\/product_brand?post=5656"},{"taxonomy":"product_cat","embeddable":true,"href":"https:\/\/lilbro.ro\/hu\/wp-json\/wp\/v2\/product_cat?post=5656"},{"taxonomy":"product_tag","embeddable":true,"href":"https:\/\/lilbro.ro\/hu\/wp-json\/wp\/v2\/product_tag?post=5656"}],"curies":[{"name":"wp","href":"https:\/\/api.w.org\/{rel}","templated":true}]}}