{"id":10729,"date":"2024-04-22T10:55:32","date_gmt":"2024-04-22T10:55:34","guid":{"rendered":"https:\/\/lilbro.ro\/?post_type=product&#038;p=10729"},"modified":"2025-05-27T10:29:32","modified_gmt":"2025-05-27T10:29:32","slug":"ruha-mintas-es-egyszinu-elasztikus-pamutbol-copiaza","status":"publish","type":"product","link":"https:\/\/lilbro.ro\/hu\/produs\/ruha-mintas-es-egyszinu-elasztikus-pamutbol-copiaza\/","title":{"rendered":"LILDRESS ruh\u00e1cska"},"content":{"rendered":"\n<p><strong>LILDRESS &#8211; K\u00e9nyelmes \u00e9s St\u00edlusos Mindennapokhoz<\/strong><\/p>\n\n\n\n<p>Fedezze fel a LilBro \u00faj LILDRESS kollekci\u00f3j\u00e1t, amely ide\u00e1lis v\u00e1laszt\u00e1s minden akt\u00edv, j\u00e1t\u00e9kos kisl\u00e1ny sz\u00e1m\u00e1ra. Adjunk egy csipet var\u00e1zslatot a h\u00e9tk\u00f6znapokhoz ezzel a gy\u00f6ny\u00f6r\u0171en szabott \u00e9s k\u00e9nyelmes kollekci\u00f3val, amely minden 0-t\u00f3l 5 \u00e9ves korig terjed\u0151 koroszt\u00e1ly sz\u00e1m\u00e1ra k\u00e9sz\u00fcl.<\/p>\n\n\n\n<p><strong>K\u00e9nyelem \u00e9s Rugalmass\u00e1g:<\/strong><br>A LILDRESS elasztikus, sztreccses pamutb\u00f3l k\u00e9sz\u00fcl, melynek \u00f6sszet\u00e9tele 95% pamut \u00e9s 5% elaszt\u00e1n. Ez biztos\u00edtja a maxim\u00e1lis k\u00e9nyelmet \u00e9s a szabad mozg\u00e1st minden kisgyermek sz\u00e1m\u00e1ra.<\/p>\n\n\n\n<p><strong>St\u00edlus \u00e9s Elegancia:<\/strong><br>V\u00e1lassza ki kisl\u00e1nya sz\u00e1m\u00e1ra a t\u00f6k\u00e9letes st\u00edlust! A LILDRESS egyszer\u0171en letisztult, de m\u00e9gis st\u00edlusos. Kaphat\u00f3 hossz\u00fa, r\u00f6vidujj\u00fa \u00e9s \u00fajjatlan verzi\u00f3ban is.<\/p>\n\n\n\n<p><strong>Egyedi D\u00edsz\u00edt\u00e9s:<\/strong><br>Tegye egyediv\u00e9 a LILDRESS-t egy kis fodorral, mely a v\u00e1ll\u00e1n\u00e1l helyezkedik el, \u00e9s garant\u00e1ltan k\u00fcl\u00f6nlegess\u00e9 teszi az \u00f6sszhat\u00e1st.<\/p>\n\n\n\n<p><strong>Alkalmazkod\u00f3 Megjelen\u00e9s:<\/strong><br>A LILDRESS ide\u00e1lis mindennapi viseletre, de alkalmakra is t\u00f6k\u00e9letes v\u00e1laszt\u00e1snak bizonyul. Ny\u00e1rra, vagy egy kis plusz \u00f6lt\u00f6z\u00e9kkel tavaszra \u00e9s \u0151szre is aj\u00e1nljuk visel\u00e9s\u00fcket.<\/p>\n\n\n\n<p><strong>Gondos \u00c1pol\u00e1s:<\/strong><br>A LILDRESS egyszer\u0171en kezelhet\u0151, \u00e9s mos\u00f3g\u00e9pben moshat\u00f3. Az \u00e1pol\u00e1si \u00fatmutat\u00f3t k\u00fcl\u00f6n r\u00e9szben tal\u00e1lja meg a term\u00e9k mell\u00e9klet\u00e9ben.<\/p>\n\n\n\n<p><strong>K\u00e9zzel K\u00e9sz\u00edtett Min\u0151s\u00e9g:<\/strong><br>Minden LILDRESS k\u00e9zzel k\u00e9sz\u00fcl, \u00edgy garant\u00e1ljuk a legmagasabb min\u0151s\u00e9get \u00e9s egyedi megjelen\u00e9st.<\/p>\n\n\n\n<p>Fedezze fel, hogyan var\u00e1zsolhatja minden napot k\u00fcl\u00f6nlegess\u00e9 a LILDRESS-szel! T\u00f6k\u00e9letes k\u00e9nyelem \u00e9s st\u00edlus minden kis hercegn\u0151 sz\u00e1m\u00e1ra.<\/p>\n\n\n<div class=\"accordion-container\">\n    <div class=\"section\">\n        \n<section data-content=\"+\" class=\"accordion\">\n  <div class=\"title\">M\u00e9retek<\/div>\n  <div class=\"accordion-panel\">\n        <img decoding=\"async\" src=\"https:\/\/lilbro.ro\/wp-content\/uploads\/2024\/05\/ruhak-tiny-2024-DS2_2211.png\" alt=\"\">   <\/div>\n<\/section>\n\n<section data-content=\"+\" class=\"accordion\">\n  <div class=\"title\">Mib\u0151l k\u00e9sz\u00fcl?<\/div>\n  <div class=\"accordion-panel\">\n    <p><p>Elasztikus pamutb\u00f3l k\u00e9sz\u00fcl a t\u00f6k\u00e9letes k\u00e9nyelem \u00e9rdek\u00e9ben.<\/p>\n<p>      <\/div>\n<\/section>\n\n<section data-content=\"+\" class=\"accordion\">\n  <div class=\"title\">Milyen vastag, a v\u00e1lasztott anyagminta \u00e9s a kompoz\u00edci\u00f3<\/div>\n  <div class=\"accordion-panel\">\n    <p><p>Az anyag kompoz\u00edci\u00f3ja \u00e9s a v\u00e1laszthat\u00f3 minta:<br \/>\nElasztikus pamut (1 r\u00e9teg):<br \/>\n&#8211; Az eleje \u00e9s a h\u00e1ta a v\u00e1lasztott k\u00fcls\u0151 anyagmint\u00e1b\u00f3l (95% pamut, 5% elaszt\u00e1n)<br \/>\nA ruha tartalmaz: egy bels\u0151 c\u00edmke ami k\u00f6nnyed\u00e9n lev\u00e1ghat\u00f3<\/p>\n<p>      <\/div>\n<\/section>\n\n<section data-content=\"+\" class=\"accordion\">\n  <div class=\"title\">Hasznos inform\u00e1ci\u00f3k<\/div>\n  <div class=\"accordion-panel\">\n    <p><p>Aj\u00e1nlott mos\u00e1si fok: 30\u00a0&#8211; 40\u00a0\u00b0<br \/>\nAj\u00e1nlott mos\u00f3g\u00e9p centrifuga: 800 &#8211; 1000 fordulat \/ perc<br \/>\nAj\u00e1nlott vasal\u00e1si fok: 110\u00a0\u00b0<br \/>\nA sz\u00e1r\u00edt\u00f3g\u00e9p haszn\u00e1lat\u00e1t nem aj\u00e1nljuk.<br \/>\nNe haszn\u00e1ljon er\u0151s feh\u00e9r\u00edt\u0151t.<\/p>\n<p>      <\/div>\n<\/section>\n    <\/div>\n<\/div>\n\n\n<p><\/p>\n","protected":false},"excerpt":{"rendered":"<p>A LILDRESS ruh\u00e1cska pamutb\u00f3l egy olyan ruh\u00e1cska ami egyszer\u0171, m\u00e9gis eleg\u00e1ns. El\u00e9rhet\u0151 hossz\u00fa, r\u00f6vid \u00e9s ujjatlan v\u00e1ltozatban, valamint fodorral vagy an\u00e9lk\u00fcl.<\/p>\n","protected":false},"featured_media":10771,"comment_status":"open","ping_status":"closed","template":"","meta":{"site-sidebar-layout":"default","site-content-layout":"","ast-site-content-layout":"default","site-content-style":"default","site-sidebar-style":"default","ast-global-header-display":"","ast-banner-title-visibility":"","ast-main-header-display":"","ast-hfb-above-header-display":"","ast-hfb-below-header-display":"","ast-hfb-mobile-header-display":"","site-post-title":"","ast-breadcrumbs-content":"","ast-featured-img":"","footer-sml-layout":"","theme-transparent-header-meta":"","adv-header-id-meta":"","stick-header-meta":"","header-above-stick-meta":"","header-main-stick-meta":"","header-below-stick-meta":"","astra-migrate-meta-layouts":"set","ast-page-background-enabled":"default","ast-page-background-meta":{"desktop":{"background-color":"var(--ast-global-color-4)","background-image":"","background-repeat":"repeat","background-position":"center center","background-size":"auto","background-attachment":"scroll","background-type":"","background-media":"","overlay-type":"","overlay-color":"","overlay-gradient":""},"tablet":{"background-color":"","background-image":"","background-repeat":"repeat","background-position":"center center","background-size":"auto","background-attachment":"scroll","background-type":"","background-media":"","overlay-type":"","overlay-color":"","overlay-gradient":""},"mobile":{"background-color":"","background-image":"","background-repeat":"repeat","background-position":"center center","background-size":"auto","background-attachment":"scroll","background-type":"","background-media":"","overlay-type":"","overlay-color":"","overlay-gradient":""}},"ast-content-background-meta":{"desktop":{"background-color":"var(--ast-global-color-5)","background-image":"","background-repeat":"repeat","background-position":"center center","background-size":"auto","background-attachment":"scroll","background-type":"","background-media":"","overlay-type":"","overlay-color":"","overlay-gradient":""},"tablet":{"background-color":"var(--ast-global-color-5)","background-image":"","background-repeat":"repeat","background-position":"center center","background-size":"auto","background-attachment":"scroll","background-type":"","background-media":"","overlay-type":"","overlay-color":"","overlay-gradient":""},"mobile":{"background-color":"var(--ast-global-color-5)","background-image":"","background-repeat":"repeat","background-position":"center center","background-size":"auto","background-attachment":"scroll","background-type":"","background-media":"","overlay-type":"","overlay-color":"","overlay-gradient":""}}},"product_brand":[],"product_cat":[460,596,362,137],"product_tag":[364,366,372,367],"class_list":{"0":"post-10729","1":"product","2":"type-product","3":"status-publish","4":"has-post-thumbnail","6":"product_cat-kislanyruhak","7":"product_cat-nyar","8":"product_cat-osszes-termek","9":"product_cat-ruhazat","10":"product_tag-mintas-anyagok","11":"product_tag-nyar","12":"product_tag-osz","13":"product_tag-tavasz","14":"desktop-align-left","15":"tablet-align-left","16":"mobile-align-left","18":"first","19":"instock","20":"shipping-taxable","21":"purchasable","22":"product-type-variable","23":"has-default-attributes","24":"add-to-wishlist-before_image"},"aioseo_notices":[],"_links":{"self":[{"href":"https:\/\/lilbro.ro\/hu\/wp-json\/wp\/v2\/product\/10729","targetHints":{"allow":["GET"]}}],"collection":[{"href":"https:\/\/lilbro.ro\/hu\/wp-json\/wp\/v2\/product"}],"about":[{"href":"https:\/\/lilbro.ro\/hu\/wp-json\/wp\/v2\/types\/product"}],"replies":[{"embeddable":true,"href":"https:\/\/lilbro.ro\/hu\/wp-json\/wp\/v2\/comments?post=10729"}],"wp:featuredmedia":[{"embeddable":true,"href":"https:\/\/lilbro.ro\/hu\/wp-json\/wp\/v2\/media\/10771"}],"wp:attachment":[{"href":"https:\/\/lilbro.ro\/hu\/wp-json\/wp\/v2\/media?parent=10729"}],"wp:term":[{"taxonomy":"product_brand","embeddable":true,"href":"https:\/\/lilbro.ro\/hu\/wp-json\/wp\/v2\/product_brand?post=10729"},{"taxonomy":"product_cat","embeddable":true,"href":"https:\/\/lilbro.ro\/hu\/wp-json\/wp\/v2\/product_cat?post=10729"},{"taxonomy":"product_tag","embeddable":true,"href":"https:\/\/lilbro.ro\/hu\/wp-json\/wp\/v2\/product_tag?post=10729"}],"curies":[{"name":"wp","href":"https:\/\/api.w.org\/{rel}","templated":true}]}}