{"id":10380,"date":"2024-03-11T05:51:34","date_gmt":"2024-03-11T05:51:34","guid":{"rendered":"https:\/\/lilbro.ro\/?post_type=product&#038;p=10380"},"modified":"2025-07-13T11:36:07","modified_gmt":"2025-07-13T11:36:07","slug":"kamaslis-tipego-halozsak-copiaza-2","status":"publish","type":"product","link":"https:\/\/lilbro.ro\/hu\/produs\/kamaslis-tipego-halozsak-copiaza-2\/","title":{"rendered":"H\u00e1l\u00f3zs\u00e1k l\u00e1b n\u00e9lk\u00fcl 0-4 h\u00f3napos bab\u00e1knak (62-es m\u00e9ret)"},"content":{"rendered":"\n<p>A LilBro l\u00e1b n\u00e9lk\u00fcli h\u00e1l\u00f3zs\u00e1k ide\u00e1lis v\u00e1laszt\u00e1s \u00fajsz\u00fcl\u00f6ttek \u00e9s 0-4 h\u00f3napos csecsem\u0151k sz\u00e1m\u00e1ra (62-es m\u00e9ret), amely k\u00e9nyelmet \u00e9s biztons\u00e1got ny\u00fajt a megf\u00e1z\u00e1s ellen.<\/p>\n\n\n\n<p><strong><strong>Jellemz\u0151k:<\/strong><\/strong><\/p>\n\n\n\n<ul class=\"wp-block-list\">\n<li><strong>Anyag:<\/strong>\n<ul class=\"wp-block-list\">\n<li>\u00d6kologikus pamut (95% pamut, 5% elaszt\u00e1n) biztos\u00edtja a term\u00e9k extra k\u00e9nyelm\u00e9t \u00e9s rugalmass\u00e1g\u00e1t \u00e9jszaka is.<\/li>\n<\/ul>\n<\/li>\n\n\n\n<li><strong>Speci\u00e1lis funkci\u00f3k:<\/strong>\n<ul class=\"wp-block-list\">\n<li>Teljes hossz\u00fas\u00e1g\u00fa cipz\u00e1r a h\u00e1l\u00f3zs\u00e1k alj\u00e1n \u00e9s az oldal\u00e1n, k\u00f6nny\u0171 tiszt\u00e1ba t\u00e9telt \u00e9s \u00f6lt\u00f6ztet\u00e9st biztos\u00edtva ak\u00e1r \u00e9jszaka is.<\/li>\n\n\n\n<li>Praktikus patentok a k\u00f6nny\u0171 \u00f6lt\u00f6ztet\u00e9s\u00e9rt.<\/li>\n<\/ul>\n<\/li>\n\n\n\n<li><strong>Tov\u00e1bbi inform\u00e1ci\u00f3k:<\/strong>\n<ul class=\"wp-block-list\">\n<li>Pizsama \u00e9s takar\u00f3 egyben, melyet nem tud ler\u00fagni mag\u00e1r\u00f3l alv\u00e1s k\u00f6zben.<\/li>\n\n\n\n<li>Nagy, buggyos m\u00e9ret \u00e9s rugalmas pamut anyag melyben k\u00f6nnyed\u00e9n rugdal\u00f3zhat.<\/li>\n\n\n\n<li>Hossz\u00fa cipz\u00e1r \u00e9s praktikus patentok a k\u00f6nny\u0171 \u00f6lt\u00f6ztet\u00e9s \u00e9s tiszt\u00e1ba t\u00e9telhez.<\/li>\n<\/ul>\n<\/li>\n\n\n\n<li><strong>H\u0151m\u00e9rs\u00e9kleti aj\u00e1nl\u00e1s:<\/strong>\n<ul class=\"wp-block-list\">\n<li>TOG 1.0 dupla pamut vastags\u00e1g k\u00f6r\u00fclbel\u00fcl 21-23\u00b0C szob\u00e1kba.<\/li>\n<\/ul>\n<\/li>\n\n\n\n<li><strong>Diz\u00e1jn \u00e9s Minta:<\/strong>\n<ul class=\"wp-block-list\">\n<li>A LilBro m\u0171hely egyedi \u00e9s aranyos mint\u00e1ival folyamatosan friss\u00edtj\u00fck a term\u00e9kv\u00e1laszt\u00e9kunkat.<\/li>\n<\/ul>\n<\/li>\n<\/ul>\n\n\n<div class=\"accordion-container\">\n    <div class=\"section\">\n        \n<section data-content=\"+\" class=\"accordion\">\n  <div class=\"title\">M\u00e9retek<\/div>\n  <div class=\"accordion-panel\">\n    <p><p>M\u00e9retek:<br \/>\n62-es m\u00e9ret, \u00fajsz\u00fcl\u00f6tteknek eg\u00e9sz 4 h\u00f3napos korig.<br \/>\nTeljes hossza: 64 cm, legsz\u00e9lesebb pontja: 45 cm, sz\u00e9less\u00e9ge a h\u00f3nalj alatt: 28 cm.<\/p>\n<p>      <\/div>\n<\/section>\n\n<section data-content=\"+\" class=\"accordion\">\n  <div class=\"title\">Mib\u0151l k\u00e9sz\u00fcl?<\/div>\n  <div class=\"accordion-panel\">\n    <p><p>Dupla elasztikus sztreccs pamutb\u00f3l k\u00e9sz\u00fcl, \u00edgy t\u00f6k\u00e9letesen k\u00e9nyelmes viseletet biztos\u00edt.<\/p>\n<p>      <\/div>\n<\/section>\n\n<section data-content=\"+\" class=\"accordion\">\n  <div class=\"title\">Milyen vastag, a v\u00e1lasztott anyagminta \u00e9s az anyagkompoz\u00edci\u00f3<\/div>\n  <div class=\"accordion-panel\">\n    <p><p>Dupla vastags\u00e1g\u00fa TOG 1.0 pamut, 21-23\u00b0C k\u00f6r\u00fcli h\u0151m\u00e9rs\u00e9klet\u0171 helyis\u00e9gekbe alkalmas. \u00d6sszet\u00e9tel: 95% pamut 5% elaszt\u00e1n<\/p>\n<p>      <\/div>\n<\/section>\n\n<section data-content=\"+\" class=\"accordion\">\n  <div class=\"title\">Fontos tudnival\u00f3k<\/div>\n  <div class=\"accordion-panel\">\n    <p><p>Aj\u00e1nlott mos\u00e1si h\u0151m\u00e9rs\u00e9klet: 30-40 \u00b0C<br \/>\nAj\u00e1nlott centrifug\u00e1l\u00e1si funkci\u00f3: 800-1000 fordulat\/perc.<br \/>\nAj\u00e1nlott vasal\u00e1si h\u0151m\u00e9rs\u00e9klet: 110 \u00b0C<br \/>\nNem javasoljuk a sz\u00e1r\u00edt\u00f3g\u00e9pek haszn\u00e1lat\u00e1t.<br \/>\nNe haszn\u00e1ljon t\u00f6m\u00e9ny feh\u00e9r\u00edt\u0151szert.<\/p>\n<p>      <\/div>\n<\/section>\n\n\n<p><\/p>\n\n    <\/div>\n<\/div>","protected":false},"excerpt":{"rendered":"<p>A LilBro l\u00e1b n\u00e9lk\u00fcli H\u00e1l\u00f3zs\u00e1k ide\u00e1lis v\u00e1laszt\u00e1s \u00fajsz\u00fcl\u00f6ttek \u00e9s 0-4 h\u00f3napos csecsem\u0151k sz\u00e1m\u00e1ra, amely k\u00e9nyelmet \u00e9s biztons\u00e1got ny\u00fajt a megf\u00e1z\u00e1s ellen.<\/p>\n<p>M\u00e9ret: 62<br \/>Vastags\u00e1g: dupla pamut (TOG 1.0)<\/p>\n","protected":false},"featured_media":10496,"comment_status":"open","ping_status":"closed","template":"","meta":{"site-sidebar-layout":"no-sidebar","site-content-layout":"plain-container","ast-site-content-layout":"normal-width-container","site-content-style":"unboxed","site-sidebar-style":"unboxed","ast-global-header-display":"","ast-banner-title-visibility":"","ast-main-header-display":"","ast-hfb-above-header-display":"","ast-hfb-below-header-display":"","ast-hfb-mobile-header-display":"","site-post-title":"disabled","ast-breadcrumbs-content":"","ast-featured-img":"disabled","footer-sml-layout":"","theme-transparent-header-meta":"","adv-header-id-meta":"","stick-header-meta":"","header-above-stick-meta":"","header-main-stick-meta":"","header-below-stick-meta":"","astra-migrate-meta-layouts":"set","ast-page-background-enabled":"default","ast-page-background-meta":{"desktop":{"background-color":"var(--ast-global-color-4)","background-image":"","background-repeat":"repeat","background-position":"center center","background-size":"auto","background-attachment":"scroll","background-type":"","background-media":"","overlay-type":"","overlay-color":"","overlay-gradient":""},"tablet":{"background-color":"","background-image":"","background-repeat":"repeat","background-position":"center center","background-size":"auto","background-attachment":"scroll","background-type":"","background-media":"","overlay-type":"","overlay-color":"","overlay-gradient":""},"mobile":{"background-color":"","background-image":"","background-repeat":"repeat","background-position":"center center","background-size":"auto","background-attachment":"scroll","background-type":"","background-media":"","overlay-type":"","overlay-color":"","overlay-gradient":""}},"ast-content-background-meta":{"desktop":{"background-color":"var(--ast-global-color-5)","background-image":"","background-repeat":"repeat","background-position":"center center","background-size":"auto","background-attachment":"scroll","background-type":"","background-media":"","overlay-type":"","overlay-color":"","overlay-gradient":""},"tablet":{"background-color":"var(--ast-global-color-5)","background-image":"","background-repeat":"repeat","background-position":"center center","background-size":"auto","background-attachment":"scroll","background-type":"","background-media":"","overlay-type":"","overlay-color":"","overlay-gradient":""},"mobile":{"background-color":"var(--ast-global-color-5)","background-image":"","background-repeat":"repeat","background-position":"center center","background-size":"auto","background-attachment":"scroll","background-type":"","background-media":"","overlay-type":"","overlay-color":"","overlay-gradient":""}}},"product_brand":[],"product_cat":[454,455,370,596,362,733,754,365],"product_tag":[398,364,366,372,367,371],"class_list":{"0":"post-10380","1":"product","2":"type-product","3":"status-publish","4":"has-post-thumbnail","6":"product_cat-ajandekok","7":"product_cat-babavaro-csomagok","8":"product_cat-kamaslis-tipego-halozsak","9":"product_cat-nyar","10":"product_cat-osszes-termek","11":"product_cat-osz","12":"product_cat-tel","13":"product_cat-tipego-halozsakok","14":"product_tag-2022-kollekcio","15":"product_tag-mintas-anyagok","16":"product_tag-nyar","17":"product_tag-osz","18":"product_tag-tavasz","19":"product_tag-tel","20":"desktop-align-left","21":"tablet-align-left","22":"mobile-align-left","24":"first","25":"instock","26":"shipping-taxable","27":"purchasable","28":"product-type-variable","29":"add-to-wishlist-before_image"},"aioseo_notices":[],"_links":{"self":[{"href":"https:\/\/lilbro.ro\/hu\/wp-json\/wp\/v2\/product\/10380","targetHints":{"allow":["GET"]}}],"collection":[{"href":"https:\/\/lilbro.ro\/hu\/wp-json\/wp\/v2\/product"}],"about":[{"href":"https:\/\/lilbro.ro\/hu\/wp-json\/wp\/v2\/types\/product"}],"replies":[{"embeddable":true,"href":"https:\/\/lilbro.ro\/hu\/wp-json\/wp\/v2\/comments?post=10380"}],"wp:featuredmedia":[{"embeddable":true,"href":"https:\/\/lilbro.ro\/hu\/wp-json\/wp\/v2\/media\/10496"}],"wp:attachment":[{"href":"https:\/\/lilbro.ro\/hu\/wp-json\/wp\/v2\/media?parent=10380"}],"wp:term":[{"taxonomy":"product_brand","embeddable":true,"href":"https:\/\/lilbro.ro\/hu\/wp-json\/wp\/v2\/product_brand?post=10380"},{"taxonomy":"product_cat","embeddable":true,"href":"https:\/\/lilbro.ro\/hu\/wp-json\/wp\/v2\/product_cat?post=10380"},{"taxonomy":"product_tag","embeddable":true,"href":"https:\/\/lilbro.ro\/hu\/wp-json\/wp\/v2\/product_tag?post=10380"}],"curies":[{"name":"wp","href":"https:\/\/api.w.org\/{rel}","templated":true}]}}