{"id":10221,"date":"2024-02-20T11:28:11","date_gmt":"2024-02-20T11:28:11","guid":{"rendered":"https:\/\/lilbro.ro\/?post_type=product&#038;p=10221"},"modified":"2024-05-27T20:33:48","modified_gmt":"2024-05-27T20:33:48","slug":"babafeszek-60x90-copiaza","status":"publish","type":"product","link":"https:\/\/lilbro.ro\/hu\/produs\/babafeszek-60x90-copiaza\/","title":{"rendered":"Gyermek nyuszi alv\u00f3k"},"content":{"rendered":"\n<p>Puha pamutb\u00f3l \u00e9s pol\u00e1rb\u00f3l k\u00e9sz\u00fclt alv\u00f3- \u00e9s j\u00e1tsz\u00f3rongy. T\u00f6bbfunkci\u00f3sak, t\u00f6k\u00e9letesek a baba alv\u00e1s\u00e1hoz \u00e9s j\u00f3 bar\u00e1tok lefekv\u00e9s el\u0151tt vagy eg\u00e9sz nap is.<\/p>\n\n\n<div class=\"accordion-container\">\n    <div class=\"section\">\n        \n<section data-content=\"+\" class=\"accordion\">\n  <div class=\"title\">M\u00e9retek<\/div>\n  <div class=\"accordion-panel\">\n    <p><p>40&#215;25 cm<\/p>\n<p>      <\/div>\n<\/section>\n\n<section data-content=\"+\" class=\"accordion\">\n  <div class=\"title\">Mib\u0151l k\u00e9sz\u00fcl?<\/div>\n  <div class=\"accordion-panel\">\n    <p><p>A ny\u00fal els\u0151 fele elasztikus pamut (95% pamut 5% elaszt\u00e1n), m\u00edg a h\u00e1ta \u00e9s a feje pol\u00e1r (100% polieszter).<br \/>\nAz OEKO-TEX\u00ae 100 Class I (a legkem\u00e9nyebb) tan\u00fas\u00edtv\u00e1nnyal rendelkez\u0151 term\u00e9kek k\u00f6z\u00e9 tartoznak a csecsem\u0151k \u00e9s gyermekek sz\u00e1m\u00e1ra k\u00e9sz\u00fclt text\u00edli\u00e1k \u00e9s textilj\u00e1t\u00e9kok h\u00e1rom\u00e9ves korig.<\/p>\n<p>      <\/div>\n<\/section>\n\n<section data-content=\"+\" class=\"accordion\">\n  <div class=\"title\">Fontos tudnival\u00f3k<\/div>\n  <div class=\"accordion-panel\">\n    <p><p>Recomandat o temperatur\u0103 de sp\u0103lare: 30-40 \u00b0<br \/>\nRecomandat o func\u021bie de stoarcere prin centrifug\u0103: 800 \u2013 1000 rot.\/min<br \/>\nPentru c\u0103lcare cu fier de c\u0103lcat se recomand\u0103 o temperatur\u0103 de: 110 \u00b0<br \/>\nNu recomand\u0103m folosirea ma\u0219inilor de uscat<br \/>\nS\u0103 nu folosi\u021bi produse \u00een\u0103lbitoare de concentra\u021bie mare.<\/p>\n<p>      <\/div>\n<\/section>\n\n\n<div class=\"wp-block-buttons is-layout-flex wp-block-buttons-is-layout-flex\"><\/div>\n\n    <\/div>\n<\/div>","protected":false},"excerpt":{"rendered":"<p>Puha pamutb\u00f3l \u00e9s pol\u00e1rb\u00f3l k\u00e9sz\u00fclt alv\u00f3- \u00e9s j\u00e1tsz\u00f3rongy. T\u00f6bbfunkci\u00f3sak, t\u00f6k\u00e9letesek a baba alv\u00e1s\u00e1hoz \u00e9s j\u00f3 bar\u00e1tok lefekv\u00e9s el\u0151tt vagy eg\u00e9sz nap is.<\/p>\n","protected":false},"featured_media":10258,"comment_status":"open","ping_status":"closed","template":"","meta":{"site-sidebar-layout":"no-sidebar","site-content-layout":"plain-container","ast-site-content-layout":"normal-width-container","site-content-style":"unboxed","site-sidebar-style":"unboxed","ast-global-header-display":"","ast-banner-title-visibility":"","ast-main-header-display":"","ast-hfb-above-header-display":"","ast-hfb-below-header-display":"","ast-hfb-mobile-header-display":"","site-post-title":"disabled","ast-breadcrumbs-content":"","ast-featured-img":"disabled","footer-sml-layout":"","theme-transparent-header-meta":"","adv-header-id-meta":"","stick-header-meta":"","header-above-stick-meta":"","header-main-stick-meta":"","header-below-stick-meta":"","astra-migrate-meta-layouts":"set","ast-page-background-enabled":"default","ast-page-background-meta":{"desktop":{"background-color":"var(--ast-global-color-4)","background-image":"","background-repeat":"repeat","background-position":"center center","background-size":"auto","background-attachment":"scroll","background-type":"","background-media":"","overlay-type":"","overlay-color":"","overlay-gradient":""},"tablet":{"background-color":"","background-image":"","background-repeat":"repeat","background-position":"center center","background-size":"auto","background-attachment":"scroll","background-type":"","background-media":"","overlay-type":"","overlay-color":"","overlay-gradient":""},"mobile":{"background-color":"","background-image":"","background-repeat":"repeat","background-position":"center center","background-size":"auto","background-attachment":"scroll","background-type":"","background-media":"","overlay-type":"","overlay-color":"","overlay-gradient":""}},"ast-content-background-meta":{"desktop":{"background-color":"var(--ast-global-color-5)","background-image":"","background-repeat":"repeat","background-position":"center center","background-size":"auto","background-attachment":"scroll","background-type":"","background-media":"","overlay-type":"","overlay-color":"","overlay-gradient":""},"tablet":{"background-color":"var(--ast-global-color-5)","background-image":"","background-repeat":"repeat","background-position":"center center","background-size":"auto","background-attachment":"scroll","background-type":"","background-media":"","overlay-type":"","overlay-color":"","overlay-gradient":""},"mobile":{"background-color":"var(--ast-global-color-5)","background-image":"","background-repeat":"repeat","background-position":"center center","background-size":"auto","background-attachment":"scroll","background-type":"","background-media":"","overlay-type":"","overlay-color":"","overlay-gradient":""}}},"product_brand":[],"product_cat":[454,455,596,362,733,754],"product_tag":[470,366,367,371],"class_list":{"0":"post-10221","1":"product","2":"type-product","3":"status-publish","4":"has-post-thumbnail","6":"product_cat-ajandekok","7":"product_cat-babavaro-csomagok","8":"product_cat-nyar","9":"product_cat-osszes-termek","10":"product_cat-osz","11":"product_cat-tel","12":"product_tag-ajandekok","13":"product_tag-nyar","14":"product_tag-tavasz","15":"product_tag-tel","16":"desktop-align-left","17":"tablet-align-left","18":"mobile-align-left","20":"first","21":"instock","22":"shipping-taxable","23":"purchasable","24":"product-type-variable","25":"add-to-wishlist-before_image"},"aioseo_notices":[],"_links":{"self":[{"href":"https:\/\/lilbro.ro\/hu\/wp-json\/wp\/v2\/product\/10221","targetHints":{"allow":["GET"]}}],"collection":[{"href":"https:\/\/lilbro.ro\/hu\/wp-json\/wp\/v2\/product"}],"about":[{"href":"https:\/\/lilbro.ro\/hu\/wp-json\/wp\/v2\/types\/product"}],"replies":[{"embeddable":true,"href":"https:\/\/lilbro.ro\/hu\/wp-json\/wp\/v2\/comments?post=10221"}],"wp:featuredmedia":[{"embeddable":true,"href":"https:\/\/lilbro.ro\/hu\/wp-json\/wp\/v2\/media\/10258"}],"wp:attachment":[{"href":"https:\/\/lilbro.ro\/hu\/wp-json\/wp\/v2\/media?parent=10221"}],"wp:term":[{"taxonomy":"product_brand","embeddable":true,"href":"https:\/\/lilbro.ro\/hu\/wp-json\/wp\/v2\/product_brand?post=10221"},{"taxonomy":"product_cat","embeddable":true,"href":"https:\/\/lilbro.ro\/hu\/wp-json\/wp\/v2\/product_cat?post=10221"},{"taxonomy":"product_tag","embeddable":true,"href":"https:\/\/lilbro.ro\/hu\/wp-json\/wp\/v2\/product_tag?post=10221"}],"curies":[{"name":"wp","href":"https:\/\/api.w.org\/{rel}","templated":true}]}}