{"id":5482,"date":"2022-01-11T09:28:22","date_gmt":"2022-01-11T09:28:22","guid":{"rendered":"https:\/\/lilbro.ro\/?page_id=5482"},"modified":"2023-10-25T07:41:33","modified_gmt":"2023-10-25T07:41:33","slug":"gy-i-k-2","status":"publish","type":"page","link":"https:\/\/lilbro.ro\/hu\/gy-i-k-2\/","title":{"rendered":"Gy.i.k"},"content":{"rendered":"\n<h2 class=\"wp-block-heading has-text-align-center\"><strong>Rendel\u00e9s \u00e9s sz\u00e1ll\u00edt\u00e1s<\/strong><\/h2>\n\n\n\n<div class=\"wp-block-columns is-layout-flex wp-container-core-columns-is-layout-28f84493 wp-block-columns-is-layout-flex\">\n<div class=\"wp-block-column is-layout-flow wp-block-column-is-layout-flow\">\n<h5 class=\"wp-block-heading\">Van k\u00e9szleten term\u00e9k?<br><\/h5>\n\n\n\n<p>A LilBro Gyerekcuccok ritk\u00e1n tart k\u00e9szletet. Ezeket a term\u00e9keket \u00e1ltal\u00e1ban a Facebook oldalunkon tessz\u00fck k\u00f6zz\u00e9, vagy a z\u00e1rt csoportunkban, melyhez te is&nbsp;<a href=\"https:\/\/www.facebook.com\/groups\/792824881138825\">csatlakozhatsz.<\/a><\/p>\n\n\n\n<p>Az esetek nagy sz\u00e1zal\u00e9k\u00e1ban csak megrendel\u00e9s ut\u00e1n k\u00e9sz\u00edt\u00fcnk gyerekruh\u00e1t.<\/p>\n\n\n\n<p>Emellett vannak \u00fczletek, ahol megtal\u00e1lj\u00e1tok a LilBro term\u00e9keket. Ilyen p\u00e9ld\u00e1ul a sz\u00e9kelyudvarhelyi B\u00edbel\u0151d\u0151 aj\u00e1nd\u00e9kbolt, vagy a B\u00e1lv\u00e1nyos Resort aj\u00e1nd\u00e9kboltja.<\/p>\n<\/div>\n\n\n\n<div class=\"wp-block-column is-layout-flow wp-block-column-is-layout-flow\">\n<h5 class=\"wp-block-heading\">H\u00e1ny nap a rendel\u00e9s elk\u00e9sz\u00fcl\u00e9se?<\/h5>\n\n\n\n<p>Id\u0151szakonk\u00e9nt v\u00e1ltozik, de \u00e1ltal\u00e1ban az<br>1 \u2013 4 munkanapot szoktuk garant\u00e1lni. Ehhez hozz\u00e1ad\u00f3dhat m\u00e9g a kisz\u00e1ll\u00edt\u00e1si id\u0151, mely fut\u00e1rszolg\u00e1lattal 1 \u2013 2 munkanap maximum. <\/p>\n\n\n\n<p class=\"has-medium-font-size\"><strong>!!! Hidegebb \u00e9vszakokban a rendel\u00e9s elk\u00e9sz\u00fcl\u00e9se el\u00e9rheti a t\u00f6bb mint egy hetet is, k\u00f6r\u00fclbel\u00fcl 5 &#8211; 10 munkanapot. (F\u0151leg szeptember &#8211; december k\u00f6z\u00f6tt)<\/strong><\/p>\n\n\n\n<p>Mi jelenleg a DPD fut\u00e1rszolg\u00e1lattal dolgozunk, csak azzal k\u00fcldj\u00fck csomagjainkat.<\/p>\n\n\n\n<h5 class=\"wp-block-heading\"><strong>Csak Rom\u00e1nia ter\u00fclet\u00e9n sz\u00e1ll\u00edtj\u00e1tok a term\u00e9keket?<\/strong><\/h5>\n\n\n\n<p>Nem, term\u00e9keinket b\u00e1rhov\u00e1 kik\u00fcldj\u00fck. Ezzel kapcsolatban k\u00e9rj \u00e1raj\u00e1nlatot t\u0151l\u00fcnk a megadott el\u00e9rhet\u0151s\u00e9gek egyik\u00e9n.<\/p>\n\n\n\n<h5 class=\"wp-block-heading\"><strong>T\u00e9nyleg handmade?<\/strong><\/h5>\n\n\n\n<p>Igen, term\u00e9keinket a szab\u00e1st\u00f3l a varr\u00e1sig mind \u2013 mind mi k\u00e9sz\u00edtj\u00fck.<\/p>\n<\/div>\n<\/div>\n\n\n\n<hr class=\"wp-block-separator has-css-opacity is-style-wide\"\/>\n\n\n\n<h2 class=\"wp-block-heading has-text-align-center\">A term\u00e9k visszak\u00fcld\u00e9se<\/h2>\n\n\n\n<div class=\"wp-block-columns is-layout-flex wp-container-core-columns-is-layout-28f84493 wp-block-columns-is-layout-flex\">\n<div class=\"wp-block-column is-layout-flow wp-block-column-is-layout-flow\">\n<h5 class=\"wp-block-heading\">Visszak\u00fcld\u00e9s<\/h5>\n\n\n\n<p>\u00cen baza legisla\u021biei UE, dac\u0103 produsele pe care le-a\u021bi cump\u0103rat se dovedesc a fi defectuoase sau nu arat\u0103 conform descrierii,&nbsp;<strong>comerciantul trebuie s\u0103 le repare, s\u0103 le \u00eenlocuiasc\u0103, s\u0103 le reduc\u0103 pre\u021bul sau s\u0103 v\u0103 dea banii \u00eenapoi<\/strong>.<\/p>\n\n\n\n<p>Conform&nbsp;OUG&nbsp;34\/2014 dac\u0103 a\u021bi cump\u0103rat un&nbsp;<strong>produs online ori f\u0103r\u0103 a merge la magazin<\/strong>, ave\u021bi, de asemenea, dreptul de a anula \u0219i returna comanda \u00een termen de 14 de zile, indiferent de motiv \u0219i f\u0103r\u0103 nicio justificare.<\/p>\n<\/div>\n\n\n\n<div class=\"wp-block-column is-layout-flow wp-block-column-is-layout-flow\">\n<h5 class=\"wp-block-heading\">Visszak\u00fcld\u00e9si \u0171rlap<\/h5>\n\n\n\n<p><a href=\"https:\/\/lilbro.shop\/wp-content\/uploads\/2022\/05\/Formular-de-Retur-lilbro.pdf?x34717\" target=\"_blank\" rel=\"noreferrer noopener\">Let\u00f6lt\u00e9shez kattints ide.<\/a><\/p>\n\n\n\n<p>Visszak\u00fcld\u00e9si c\u00edm:<\/p>\n\n\n\n<p>Jud. Harghita, 535600<\/p>\n\n\n\n<p>Odorheiu Secuiesc, str. Nicolae Balcescu nr. 4\/A &#8211; \u202d(0722) 188 118\u202c &#8211; LILBRO <\/p>\n<\/div>\n<\/div>\n\n\n\n<hr class=\"wp-block-separator has-css-opacity is-style-wide\"\/>\n\n\n\n<h2 class=\"wp-block-heading has-text-align-center\">Term\u00e9kkel kapcsolatos tudnival\u00f3k<\/h2>\n\n\n\n<div class=\"wp-block-columns is-layout-flex wp-container-core-columns-is-layout-28f84493 wp-block-columns-is-layout-flex\">\n<div class=\"wp-block-column is-layout-flow wp-block-column-is-layout-flow\">\n<h5 class=\"wp-block-heading\">Mi az aj\u00e1nlott mos\u00e1si h\u0151m\u00e9rs\u00e9klet?<\/h5>\n\n\n\n<p>30 \u2013 40&nbsp;\u00b0C fok a mi aj\u00e1nl\u00e1sunk.<br>A rendel\u00e9s sor\u00e1n a term\u00e9kek alatti le\u00edr\u00e1sokat aj\u00e1nljuk figyelmetekbe. Ott megtal\u00e1ltok minden fontos \u00e9s hasznos inform\u00e1ci\u00f3t term\u00e9keinkr\u0151l.<\/p>\n\n\n\n<h5 class=\"wp-block-heading\">Milyen anyagmint\u00e1k vannak?<\/h5>\n\n\n\n<p>A folyamatosan v\u00e1ltoz\u00f3 \u00e9s friss\u00fcl\u0151 anyagmint\u00e1inkat a term\u00e9keinkn\u00e9l tekinthetitek meg, az anyagok kiv\u00e1laszt\u00e1s\u00e1n\u00e1l.<\/p>\n<\/div>\n\n\n\n<div class=\"wp-block-column is-layout-flow wp-block-column-is-layout-flow\">\n<h5 class=\"wp-block-heading\">Mi\u00e9rt v\u00e1ltoznak az \u00e1rak?<\/h5>\n\n\n\n<p>Sok term\u00e9k\u00fcnk eset\u00e9ben az \u00e1rak a m\u00e9ret \u00e9s vastags\u00e1g alapj\u00e1n v\u00e1ltoznak, hisz alapanyagok felhaszn\u00e1l\u00e1s\u00e1ban is nagy k\u00fcl\u00f6nbs\u00e9gek vannak egy 56-os \u00e9s egy 116-os gyerekm\u00e9ret k\u00f6z\u00f6tt. Az \u00e1rv\u00e1ltoz\u00e1sokat minden term\u00e9k eset\u00e9ben l\u00e1that\u00f3v\u00e1 tett\u00fck a term\u00e9k rendel\u00e9se k\u00f6zben.<\/p>\n<\/div>\n<\/div>\n\n\n\n<hr class=\"wp-block-separator has-css-opacity is-style-wide\"\/>\n\n\n\n<h2 class=\"wp-block-heading has-text-align-center\">Megn\u00e9zn\u00e9l egy p\u00e1r term\u00e9kbemutat\u00f3 vide\u00f3t?<\/h2>\n\n\n\n<h5 class=\"wp-block-heading has-text-align-center\">K\u00f6vesd a YouTube csatorn\u00e1nkat:<\/h5>\n\n\n\n<figure class=\"wp-block-embed is-type-video is-provider-youtube wp-block-embed-youtube wp-embed-aspect-16-9 wp-has-aspect-ratio\"><div class=\"wp-block-embed__wrapper\">\n<div class=\"ast-oembed-container \" style=\"height: 100%;\"><iframe loading=\"lazy\" title=\"Cadouri pentru Copii - Atelierul nostru LilBro Shop\" width=\"500\" height=\"281\" src=\"https:\/\/www.youtube.com\/embed\/W0QV1iFZ94I?feature=oembed\" frameborder=\"0\" allow=\"accelerometer; autoplay; clipboard-write; encrypted-media; gyroscope; picture-in-picture; web-share\" referrerpolicy=\"strict-origin-when-cross-origin\" allowfullscreen><\/iframe><\/div>\n<\/div><\/figure>\n\n\n\n<hr class=\"wp-block-separator has-css-opacity is-style-wide\"\/>\n\n\n\n<h2 class=\"wp-block-heading has-text-align-center\">M\u0171hellyel kapcsolatos inform\u00e1ci\u00f3k<\/h2>\n\n\n\n<h5 class=\"wp-block-heading has-text-align-center\">Hol van a m\u0171helyetek?<\/h5>\n\n\n\n<p class=\"has-text-align-center\">Jelenleg nem rendelkez\u00fcnk m\u00e9g saj\u00e1t \u00fczlettel, de nagy szeretettel v\u00e1runk t\u00e9ged egy finom k\u00e1v\u00e9ra \u00e9s egy kis bemutat\u00f3ra a m\u0171hely\u00fcnkbe.<\/p>\n\n\n\n<p class=\"has-text-align-center\">Sz\u00e9kelyudvarhelyen tal\u00e1lsz meg minket, de ha m\u00e9g pontosabb eligaz\u00edt\u00e1st szeretn\u00e9l, keress minket az el\u00e9rhet\u0151s\u00e9geink egyik\u00e9n.<\/p>\n","protected":false},"excerpt":{"rendered":"<p>Rendel\u00e9s \u00e9s sz\u00e1ll\u00edt\u00e1s Van k\u00e9szleten term\u00e9k? A LilBro Gyerekcuccok ritk\u00e1n tart k\u00e9szletet. Ezeket a term\u00e9keket \u00e1ltal\u00e1ban a Facebook oldalunkon tessz\u00fck k\u00f6zz\u00e9, vagy a z\u00e1rt csoportunkban, melyhez te is&nbsp;csatlakozhatsz. Az esetek nagy sz\u00e1zal\u00e9k\u00e1ban csak megrendel\u00e9s ut\u00e1n k\u00e9sz\u00edt\u00fcnk gyerekruh\u00e1t. Emellett vannak \u00fczletek, ahol megtal\u00e1lj\u00e1tok a LilBro term\u00e9keket. Ilyen p\u00e9ld\u00e1ul a sz\u00e9kelyudvarhelyi B\u00edbel\u0151d\u0151 aj\u00e1nd\u00e9kbolt, vagy a B\u00e1lv\u00e1nyos Resort [&hellip;]<\/p>\n","protected":false},"author":2,"featured_media":0,"parent":0,"menu_order":0,"comment_status":"closed","ping_status":"closed","template":"","meta":{"site-sidebar-layout":"no-sidebar","site-content-layout":"plain-container","ast-site-content-layout":"normal-width-container","site-content-style":"unboxed","site-sidebar-style":"unboxed","ast-global-header-display":"","ast-banner-title-visibility":"","ast-main-header-display":"","ast-hfb-above-header-display":"","ast-hfb-below-header-display":"","ast-hfb-mobile-header-display":"","site-post-title":"disabled","ast-breadcrumbs-content":"","ast-featured-img":"disabled","footer-sml-layout":"","theme-transparent-header-meta":"","adv-header-id-meta":"","stick-header-meta":"","header-above-stick-meta":"","header-main-stick-meta":"","header-below-stick-meta":"","astra-migrate-meta-layouts":"set","ast-page-background-enabled":"default","ast-page-background-meta":{"desktop":{"background-color":"var(--ast-global-color-4)","background-image":"","background-repeat":"repeat","background-position":"center center","background-size":"auto","background-attachment":"scroll","background-type":"","background-media":"","overlay-type":"","overlay-color":"","overlay-gradient":""},"tablet":{"background-color":"","background-image":"","background-repeat":"repeat","background-position":"center center","background-size":"auto","background-attachment":"scroll","background-type":"","background-media":"","overlay-type":"","overlay-color":"","overlay-gradient":""},"mobile":{"background-color":"","background-image":"","background-repeat":"repeat","background-position":"center center","background-size":"auto","background-attachment":"scroll","background-type":"","background-media":"","overlay-type":"","overlay-color":"","overlay-gradient":""}},"ast-content-background-meta":{"desktop":{"background-color":"var(--ast-global-color-5)","background-image":"","background-repeat":"repeat","background-position":"center center","background-size":"auto","background-attachment":"scroll","background-type":"","background-media":"","overlay-type":"","overlay-color":"","overlay-gradient":""},"tablet":{"background-color":"var(--ast-global-color-5)","background-image":"","background-repeat":"repeat","background-position":"center center","background-size":"auto","background-attachment":"scroll","background-type":"","background-media":"","overlay-type":"","overlay-color":"","overlay-gradient":""},"mobile":{"background-color":"var(--ast-global-color-5)","background-image":"","background-repeat":"repeat","background-position":"center center","background-size":"auto","background-attachment":"scroll","background-type":"","background-media":"","overlay-type":"","overlay-color":"","overlay-gradient":""}},"footnotes":""},"class_list":["post-5482","page","type-page","status-publish","hentry"],"aioseo_notices":[],"_links":{"self":[{"href":"https:\/\/lilbro.ro\/hu\/wp-json\/wp\/v2\/pages\/5482","targetHints":{"allow":["GET"]}}],"collection":[{"href":"https:\/\/lilbro.ro\/hu\/wp-json\/wp\/v2\/pages"}],"about":[{"href":"https:\/\/lilbro.ro\/hu\/wp-json\/wp\/v2\/types\/page"}],"author":[{"embeddable":true,"href":"https:\/\/lilbro.ro\/hu\/wp-json\/wp\/v2\/users\/2"}],"replies":[{"embeddable":true,"href":"https:\/\/lilbro.ro\/hu\/wp-json\/wp\/v2\/comments?post=5482"}],"version-history":[{"count":0,"href":"https:\/\/lilbro.ro\/hu\/wp-json\/wp\/v2\/pages\/5482\/revisions"}],"wp:attachment":[{"href":"https:\/\/lilbro.ro\/hu\/wp-json\/wp\/v2\/media?parent=5482"}],"curies":[{"name":"wp","href":"https:\/\/api.w.org\/{rel}","templated":true}]}}