{"id":5457,"date":"2022-01-09T19:58:57","date_gmt":"2022-01-09T19:58:57","guid":{"rendered":"https:\/\/lilbro.ro\/?page_id=5457"},"modified":"2023-01-31T13:31:40","modified_gmt":"2023-01-31T13:31:40","slug":"rolunk","status":"publish","type":"page","link":"https:\/\/lilbro.ro\/hu\/rolunk\/","title":{"rendered":"R\u00f3lunk"},"content":{"rendered":"<div class=\"hero-section\" >\n  <div class=\"background\" style=\"background-image: url(https:\/\/lilbro.ro\/wp-content\/uploads\/2021\/09\/79012817_1431183037040108_5830441636445814784_n.jpeg); background-repeat: no-repeat; background-size: cover;\">\n    <div class=\"textbox\">\n      <p class=\"title\" style=\"color: #ffffff;\">LilBro Shop, mint anya-fia v\u00e1llalkoz\u00e1s<p>      <p style=\"color: #ffffff;\">Csal\u00e1di v\u00e1llalkoz\u00e1sunk 2018 \u00f3ta igyekszik kiszolg\u00e1lni azokat v\u00e1s\u00e1rl\u00f3kat, kik nyitottak a k\u00e9zzel k\u00e9sz\u00edtett term\u00e9kek \u00e9s gyerekruh\u00e1k ir\u00e1nt. Nagy hangs\u00falyt fektet\u00fcnk az egyedi m\u00e9retez\u00e9s \u00e9s anyagvari\u00e1ci\u00f3kra, \u00edgy jelenleg szinte k\u00e9szlet n\u00e9lk\u00fcl, csak a megrendel\u00e9sekre \u00f6sszpontos\u00edtunk. A kezdetek \u00f3ta figyel\u00fcnk minden apr\u00f3 visszajelz\u00e9sre, \u00edgy folyamatosan fejlessz\u00fck a 15 fajta term\u00e9k\u00fcnket, emellett pedig v\u00e1s\u00e1rl\u00f3inkat arra biztatjuk, mes\u00e9ljenek a jelenlegi piac hi\u00e1nyoss\u00e1gair\u00f3l. \u00cdgy sz\u00fcletett meg p\u00e9ld\u00e1ul k\u00e9t sapkat\u00edpusunk, a mell\u00e9ny\u00fcnk \u00e9s a rugdal\u00f3z\u00f3nk is.<p>    <\/div>\n  <\/div>\n<\/div>\n\n\n<div style=\"height:100px\" aria-hidden=\"true\" class=\"wp-block-spacer\"><\/div>\n\n\n\n<h2 class=\"wp-block-heading\">Bemutat\u00f3 kisfilm\u00fcnk:<\/h2>\n\n\n\n<figure class=\"wp-block-embed is-type-video is-provider-youtube wp-block-embed-youtube wp-embed-aspect-16-9 wp-has-aspect-ratio\"><div class=\"wp-block-embed__wrapper\">\n<div class=\"ast-oembed-container \" style=\"height: 100%;\"><iframe loading=\"lazy\" title=\"Atelierul nostru LilBro Shop\" width=\"500\" height=\"281\" src=\"https:\/\/www.youtube.com\/embed\/DwrWcq_f1Ws?feature=oembed\" frameborder=\"0\" allow=\"accelerometer; autoplay; clipboard-write; encrypted-media; gyroscope; picture-in-picture; web-share\" referrerpolicy=\"strict-origin-when-cross-origin\" allowfullscreen><\/iframe><\/div>\n<\/div><\/figure>\n\n\n\n<div class=\"wp-block-columns are-vertically-aligned-center is-layout-flex wp-container-core-columns-is-layout-28f84493 wp-block-columns-is-layout-flex\">\n<div class=\"wp-block-column is-vertically-aligned-center is-layout-flow wp-block-column-is-layout-flow\">\n<figure class=\"wp-block-image size-large\"><img loading=\"lazy\" decoding=\"async\" width=\"1024\" height=\"684\" src=\"https:\/\/lilbro.ro\/wp-content\/uploads\/2021\/09\/76710692_1431183153706763_2298141583096152064_n-e1632296141251-1024x684.jpeg\" alt=\"\" class=\"wp-image-3178\" srcset=\"https:\/\/lilbro.ro\/wp-content\/uploads\/2021\/09\/76710692_1431183153706763_2298141583096152064_n-e1632296141251-1024x684.jpeg 1024w, https:\/\/lilbro.ro\/wp-content\/uploads\/2021\/09\/76710692_1431183153706763_2298141583096152064_n-e1632296141251-920x614.jpeg 920w, https:\/\/lilbro.ro\/wp-content\/uploads\/2021\/09\/76710692_1431183153706763_2298141583096152064_n-e1632296141251-300x200.jpeg 300w, https:\/\/lilbro.ro\/wp-content\/uploads\/2021\/09\/76710692_1431183153706763_2298141583096152064_n-e1632296141251-768x513.jpeg 768w, https:\/\/lilbro.ro\/wp-content\/uploads\/2021\/09\/76710692_1431183153706763_2298141583096152064_n-e1632296141251-1536x1026.jpeg 1536w, https:\/\/lilbro.ro\/wp-content\/uploads\/2021\/09\/76710692_1431183153706763_2298141583096152064_n-e1632296141251.jpeg 1863w\" sizes=\"auto, (max-width: 1024px) 100vw, 1024px\" \/><\/figure>\n<\/div>\n\n\n\n<div class=\"wp-block-column is-vertically-aligned-center is-layout-flow wp-block-column-is-layout-flow\">\n<figure class=\"wp-block-image size-full\"><img loading=\"lazy\" decoding=\"async\" width=\"576\" height=\"506\" src=\"https:\/\/lilbro.ro\/wp-content\/uploads\/2021\/09\/3bf567_9ff0f591d10e4eb8b35cf8d0d78d0b4e_mv2.webp\" alt=\"\" class=\"wp-image-3135\" srcset=\"https:\/\/lilbro.ro\/wp-content\/uploads\/2021\/09\/3bf567_9ff0f591d10e4eb8b35cf8d0d78d0b4e_mv2.webp 576w, https:\/\/lilbro.ro\/wp-content\/uploads\/2021\/09\/3bf567_9ff0f591d10e4eb8b35cf8d0d78d0b4e_mv2-300x264.webp 300w\" sizes=\"auto, (max-width: 576px) 100vw, 576px\" \/><\/figure>\n<\/div>\n<\/div>\n\n\n\n<div class=\"wp-block-columns is-layout-flex wp-container-core-columns-is-layout-28f84493 wp-block-columns-is-layout-flex\">\n<div class=\"wp-block-column is-vertically-aligned-bottom is-layout-flow wp-block-column-is-layout-flow\">\n<figure class=\"wp-block-image size-large\"><img loading=\"lazy\" decoding=\"async\" width=\"1024\" height=\"753\" src=\"https:\/\/lilbro.ro\/wp-content\/uploads\/2021\/09\/75210656_1431182997040112_8129891608314249216_n-e1632296260228-1024x753.jpeg\" alt=\"\" class=\"wp-image-3177\" srcset=\"https:\/\/lilbro.ro\/wp-content\/uploads\/2021\/09\/75210656_1431182997040112_8129891608314249216_n-e1632296260228-1024x753.jpeg 1024w, https:\/\/lilbro.ro\/wp-content\/uploads\/2021\/09\/75210656_1431182997040112_8129891608314249216_n-e1632296260228-920x677.jpeg 920w, https:\/\/lilbro.ro\/wp-content\/uploads\/2021\/09\/75210656_1431182997040112_8129891608314249216_n-e1632296260228-300x221.jpeg 300w, https:\/\/lilbro.ro\/wp-content\/uploads\/2021\/09\/75210656_1431182997040112_8129891608314249216_n-e1632296260228-768x565.jpeg 768w, https:\/\/lilbro.ro\/wp-content\/uploads\/2021\/09\/75210656_1431182997040112_8129891608314249216_n-e1632296260228-1536x1130.jpeg 1536w, https:\/\/lilbro.ro\/wp-content\/uploads\/2021\/09\/75210656_1431182997040112_8129891608314249216_n-e1632296260228.jpeg 1858w\" sizes=\"auto, (max-width: 1024px) 100vw, 1024px\" \/><\/figure>\n\n\n\n<h2 class=\"has-text-align-center wp-block-heading\">J\u00f3zsa Rita<\/h2>\n\n\n\n<p class=\"has-text-align-center\">Aki meg\u00e1lmodja, majd elk\u00e9sz\u00edti a term\u00e9keket.<\/p>\n<\/div>\n\n\n\n<div class=\"wp-block-column is-vertically-aligned-bottom is-layout-flow wp-block-column-is-layout-flow\">\n<figure class=\"wp-block-image size-full\"><img loading=\"lazy\" decoding=\"async\" width=\"576\" height=\"506\" src=\"https:\/\/lilbro.ro\/wp-content\/uploads\/2021\/09\/3bf567_90be881b835d4ad9971dc8886b2e2c11_mv2.webp\" alt=\"\" class=\"wp-image-3136\" srcset=\"https:\/\/lilbro.ro\/wp-content\/uploads\/2021\/09\/3bf567_90be881b835d4ad9971dc8886b2e2c11_mv2.webp 576w, https:\/\/lilbro.ro\/wp-content\/uploads\/2021\/09\/3bf567_90be881b835d4ad9971dc8886b2e2c11_mv2-300x264.webp 300w\" sizes=\"auto, (max-width: 576px) 100vw, 576px\" \/><\/figure>\n\n\n\n<h2 class=\"has-text-align-center wp-block-heading\">J\u00f3zsa Levente<\/h2>\n\n\n\n<p class=\"has-text-align-center\">Aki lefot\u00f3zza, kommunik\u00e1lja\u00a0\u00e9s eladja a term\u00e9keket.<\/p>\n<\/div>\n<\/div>\n\n\n\n<div class=\"wp-block-columns alignwide are-vertically-aligned-center is-layout-flex wp-container-core-columns-is-layout-28f84493 wp-block-columns-is-layout-flex\">\n<div class=\"wp-block-column is-vertically-aligned-center is-layout-flow wp-block-column-is-layout-flow\">\n<h6 class=\"has-text-align-center wp-block-heading\">Kapcsolat<\/h6>\n\n\n\n<p class=\"has-text-align-center\">535600, Sz\u00e9kelyudvarhely<br>Rom\u00e1nia<\/p>\n\n\n\n<p class=\"has-text-align-center\">Telefonsz\u00e1m: +40722188118<br>E-mail: handmadegyerekcuccok@gmail.com<\/p>\n<\/div>\n<\/div>\n","protected":false},"excerpt":{"rendered":"<p>Bemutat\u00f3 kisfilm\u00fcnk: J\u00f3zsa Rita Aki meg\u00e1lmodja, majd elk\u00e9sz\u00edti a term\u00e9keket. J\u00f3zsa Levente Aki lefot\u00f3zza, kommunik\u00e1lja\u00a0\u00e9s eladja a term\u00e9keket. Kapcsolat 535600, Sz\u00e9kelyudvarhelyRom\u00e1nia Telefonsz\u00e1m: +40722188118E-mail: handmadegyerekcuccok@gmail.com<\/p>\n","protected":false},"author":2,"featured_media":0,"parent":0,"menu_order":0,"comment_status":"closed","ping_status":"closed","template":"","meta":{"site-sidebar-layout":"no-sidebar","site-content-layout":"plain-container","ast-site-content-layout":"normal-width-container","site-content-style":"unboxed","site-sidebar-style":"unboxed","ast-global-header-display":"","ast-banner-title-visibility":"","ast-main-header-display":"","ast-hfb-above-header-display":"","ast-hfb-below-header-display":"","ast-hfb-mobile-header-display":"","site-post-title":"disabled","ast-breadcrumbs-content":"","ast-featured-img":"disabled","footer-sml-layout":"","theme-transparent-header-meta":"","adv-header-id-meta":"","stick-header-meta":"","header-above-stick-meta":"","header-main-stick-meta":"","header-below-stick-meta":"","astra-migrate-meta-layouts":"default","ast-page-background-enabled":"default","ast-page-background-meta":{"desktop":{"background-color":"var(--ast-global-color-4)","background-image":"","background-repeat":"repeat","background-position":"center center","background-size":"auto","background-attachment":"scroll","background-type":"","background-media":"","overlay-type":"","overlay-color":"","overlay-gradient":""},"tablet":{"background-color":"","background-image":"","background-repeat":"repeat","background-position":"center center","background-size":"auto","background-attachment":"scroll","background-type":"","background-media":"","overlay-type":"","overlay-color":"","overlay-gradient":""},"mobile":{"background-color":"","background-image":"","background-repeat":"repeat","background-position":"center center","background-size":"auto","background-attachment":"scroll","background-type":"","background-media":"","overlay-type":"","overlay-color":"","overlay-gradient":""}},"ast-content-background-meta":{"desktop":{"background-color":"var(--ast-global-color-5)","background-image":"","background-repeat":"repeat","background-position":"center center","background-size":"auto","background-attachment":"scroll","background-type":"","background-media":"","overlay-type":"","overlay-color":"","overlay-gradient":""},"tablet":{"background-color":"var(--ast-global-color-5)","background-image":"","background-repeat":"repeat","background-position":"center center","background-size":"auto","background-attachment":"scroll","background-type":"","background-media":"","overlay-type":"","overlay-color":"","overlay-gradient":""},"mobile":{"background-color":"var(--ast-global-color-5)","background-image":"","background-repeat":"repeat","background-position":"center center","background-size":"auto","background-attachment":"scroll","background-type":"","background-media":"","overlay-type":"","overlay-color":"","overlay-gradient":""}},"footnotes":""},"class_list":["post-5457","page","type-page","status-publish","hentry"],"aioseo_notices":[],"_links":{"self":[{"href":"https:\/\/lilbro.ro\/hu\/wp-json\/wp\/v2\/pages\/5457","targetHints":{"allow":["GET"]}}],"collection":[{"href":"https:\/\/lilbro.ro\/hu\/wp-json\/wp\/v2\/pages"}],"about":[{"href":"https:\/\/lilbro.ro\/hu\/wp-json\/wp\/v2\/types\/page"}],"author":[{"embeddable":true,"href":"https:\/\/lilbro.ro\/hu\/wp-json\/wp\/v2\/users\/2"}],"replies":[{"embeddable":true,"href":"https:\/\/lilbro.ro\/hu\/wp-json\/wp\/v2\/comments?post=5457"}],"version-history":[{"count":0,"href":"https:\/\/lilbro.ro\/hu\/wp-json\/wp\/v2\/pages\/5457\/revisions"}],"wp:attachment":[{"href":"https:\/\/lilbro.ro\/hu\/wp-json\/wp\/v2\/media?parent=5457"}],"curies":[{"name":"wp","href":"https:\/\/api.w.org\/{rel}","templated":true}]}}